{"id":5875,"date":"2026-01-12T11:50:33","date_gmt":"2026-01-12T11:50:33","guid":{"rendered":"https:\/\/arazpiercingjewellery.com\/?post_type=product&#038;p=5875"},"modified":"2026-02-19T11:25:56","modified_gmt":"2026-02-19T11:25:56","slug":"noble-spirit","status":"publish","type":"product","link":"https:\/\/arazpiercingjewellery.com\/de\/shop\/noble-spirit\/","title":{"rendered":"Noble Spirit"},"content":{"rendered":"<p>\u00d6zg\u00fcrl\u00fc\u011f\u00fcn ve g\u00fcc\u00fcn en zarif temsili. <b data-path-to-node=\"2\" data-index-in-node=\"39\">Noble Spirit<\/b>, at fig\u00fcr\u00fcn\u00fcn asil sil\u00fcetini kristal ta\u015flar\u0131n g\u00f6z al\u0131c\u0131 parlakl\u0131\u011f\u0131yla i\u015fleyerek kula\u011f\u0131n\u0131za ta\u015f\u0131yor. Hem satran\u00e7taki stratejik zekay\u0131 hem de do\u011fadaki dizginlenemez ruhu simgeleyen bu tasar\u0131m, \u0131\u015f\u0131lt\u0131s\u0131yla girdi\u011fi her ortamda fark yarat\u0131r. Kula\u011f\u0131nda (tragus, helix veya lobe) g\u00fc\u00e7 ve zarafeti ayn\u0131 anda ta\u015f\u0131mak isteyenler i\u00e7in e\u015fsiz bir imza.<\/p>","protected":false},"excerpt":{"rendered":"<p>Dizginlenemez bir \u0131\u015f\u0131lt\u0131, asil bir ruh.<\/p>","protected":false},"featured_media":5876,"comment_status":"open","ping_status":"closed","template":"","meta":[],"product_cat":[39],"product_tag":[],"class_list":{"0":"post-5875","1":"product","2":"type-product","3":"status-publish","4":"has-post-thumbnail","6":"product_cat-tragus","8":"first","9":"instock","10":"taxable","11":"shipping-taxable","12":"purchasable","13":"product-type-simple"},"aioseo_notices":[],"_links":{"self":[{"href":"https:\/\/arazpiercingjewellery.com\/de\/wp-json\/wp\/v2\/product\/5875","targetHints":{"allow":["GET"]}}],"collection":[{"href":"https:\/\/arazpiercingjewellery.com\/de\/wp-json\/wp\/v2\/product"}],"about":[{"href":"https:\/\/arazpiercingjewellery.com\/de\/wp-json\/wp\/v2\/types\/product"}],"replies":[{"embeddable":true,"href":"https:\/\/arazpiercingjewellery.com\/de\/wp-json\/wp\/v2\/comments?post=5875"}],"version-history":[{"count":1,"href":"https:\/\/arazpiercingjewellery.com\/de\/wp-json\/wp\/v2\/product\/5875\/revisions"}],"predecessor-version":[{"id":5878,"href":"https:\/\/arazpiercingjewellery.com\/de\/wp-json\/wp\/v2\/product\/5875\/revisions\/5878"}],"wp:featuredmedia":[{"embeddable":true,"href":"https:\/\/arazpiercingjewellery.com\/de\/wp-json\/wp\/v2\/media\/5876"}],"wp:attachment":[{"href":"https:\/\/arazpiercingjewellery.com\/de\/wp-json\/wp\/v2\/media?parent=5875"}],"wp:term":[{"taxonomy":"product_cat","embeddable":true,"href":"https:\/\/arazpiercingjewellery.com\/de\/wp-json\/wp\/v2\/product_cat?post=5875"},{"taxonomy":"product_tag","embeddable":true,"href":"https:\/\/arazpiercingjewellery.com\/de\/wp-json\/wp\/v2\/product_tag?post=5875"}],"curies":[{"name":"wp","href":"https:\/\/api.w.org\/{rel}","templated":true}]}}