{"id":5871,"date":"2026-01-12T11:45:17","date_gmt":"2026-01-12T11:45:17","guid":{"rendered":"https:\/\/arazpiercingjewellery.com\/?post_type=product&#038;p=5871"},"modified":"2026-02-19T11:26:14","modified_gmt":"2026-02-19T11:26:14","slug":"pure-radiance","status":"publish","type":"product","link":"https:\/\/arazpiercingjewellery.com\/de\/shop\/pure-radiance\/","title":{"rendered":"Pure Radiance"},"content":{"rendered":"<p>Minimalizmin en \u0131\u015f\u0131lt\u0131l\u0131 tan\u0131m\u0131. <b data-path-to-node=\"2\" data-index-in-node=\"34\">Pure Radiance<\/b>, klasik yuvarlak formu merkezden yay\u0131lan kristal ta\u015f k\u00fcmesiyle (cluster) birle\u015ftirerek zamans\u0131z bir \u015f\u0131kl\u0131k sunuyor. \u0130ster tek ba\u015f\u0131na sadeli\u011fi temsil etsin, ister di\u011fer iddial\u0131 par\u00e7alar\u0131n (Glam Bunny, Golden Gaze) yan\u0131nda kusursuz bir tamamlay\u0131c\u0131 olsun; bu tasar\u0131m her kulak kombinasyonunun (tragus, helix, lobe) vazge\u00e7ilmez &#8216;joker&#8217; par\u00e7as\u0131d\u0131r.<\/p>","protected":false},"excerpt":{"rendered":"<p>\u00d6z\u00fc \u0131\u015f\u0131lt\u0131, duru\u015fu asil.<\/p>","protected":false},"featured_media":5873,"comment_status":"open","ping_status":"closed","template":"","meta":[],"product_cat":[39],"product_tag":[],"class_list":{"0":"post-5871","1":"product","2":"type-product","3":"status-publish","4":"has-post-thumbnail","6":"product_cat-tragus","8":"first","9":"instock","10":"taxable","11":"shipping-taxable","12":"purchasable","13":"product-type-simple"},"aioseo_notices":[],"_links":{"self":[{"href":"https:\/\/arazpiercingjewellery.com\/de\/wp-json\/wp\/v2\/product\/5871","targetHints":{"allow":["GET"]}}],"collection":[{"href":"https:\/\/arazpiercingjewellery.com\/de\/wp-json\/wp\/v2\/product"}],"about":[{"href":"https:\/\/arazpiercingjewellery.com\/de\/wp-json\/wp\/v2\/types\/product"}],"replies":[{"embeddable":true,"href":"https:\/\/arazpiercingjewellery.com\/de\/wp-json\/wp\/v2\/comments?post=5871"}],"version-history":[{"count":1,"href":"https:\/\/arazpiercingjewellery.com\/de\/wp-json\/wp\/v2\/product\/5871\/revisions"}],"predecessor-version":[{"id":5874,"href":"https:\/\/arazpiercingjewellery.com\/de\/wp-json\/wp\/v2\/product\/5871\/revisions\/5874"}],"wp:featuredmedia":[{"embeddable":true,"href":"https:\/\/arazpiercingjewellery.com\/de\/wp-json\/wp\/v2\/media\/5873"}],"wp:attachment":[{"href":"https:\/\/arazpiercingjewellery.com\/de\/wp-json\/wp\/v2\/media?parent=5871"}],"wp:term":[{"taxonomy":"product_cat","embeddable":true,"href":"https:\/\/arazpiercingjewellery.com\/de\/wp-json\/wp\/v2\/product_cat?post=5871"},{"taxonomy":"product_tag","embeddable":true,"href":"https:\/\/arazpiercingjewellery.com\/de\/wp-json\/wp\/v2\/product_tag?post=5871"}],"curies":[{"name":"wp","href":"https:\/\/api.w.org\/{rel}","templated":true}]}}