{"id":5867,"date":"2026-01-12T11:41:17","date_gmt":"2026-01-12T11:41:17","guid":{"rendered":"https:\/\/arazpiercingjewellery.com\/?post_type=product&#038;p=5867"},"modified":"2026-02-19T11:27:25","modified_gmt":"2026-02-19T11:27:25","slug":"lucky-turtle","status":"publish","type":"product","link":"https:\/\/arazpiercingjewellery.com\/de\/shop\/lucky-turtle\/","title":{"rendered":"Lucky Turtle"},"content":{"rendered":"<p>\u015eans\u0131n en sevimli ve zarif hali. <b data-path-to-node=\"2\" data-index-in-node=\"34\">Lucky Turtle<\/b>, detayl\u0131 kabuk i\u015f\u00e7ili\u011fi ve p\u00fcr\u00fczs\u00fcz alt\u0131n (gold) yans\u0131mas\u0131yla denizin huzurunu stiline ta\u015f\u0131yor. Ta\u015fs\u0131z, tamamen metalik tasar\u0131m\u0131 sayesinde hem minimal hem de zamans\u0131z bir \u015f\u0131kl\u0131k sunar. Kula\u011f\u0131nda (tragus, helix veya lobe) ta\u015f\u0131yaca\u011f\u0131n bu minik sembol, sana her g\u00fcn pozitif enerji ve \u015fans getirmek i\u00e7in tasarland\u0131.<\/p>","protected":false},"excerpt":{"rendered":"<p>Minik bir dokunu\u015f, sonsuz \u015fans.<\/p>","protected":false},"featured_media":5869,"comment_status":"open","ping_status":"closed","template":"","meta":[],"product_cat":[39],"product_tag":[],"class_list":{"0":"post-5867","1":"product","2":"type-product","3":"status-publish","4":"has-post-thumbnail","6":"product_cat-tragus","8":"first","9":"instock","10":"taxable","11":"shipping-taxable","12":"purchasable","13":"product-type-simple"},"aioseo_notices":[],"_links":{"self":[{"href":"https:\/\/arazpiercingjewellery.com\/de\/wp-json\/wp\/v2\/product\/5867","targetHints":{"allow":["GET"]}}],"collection":[{"href":"https:\/\/arazpiercingjewellery.com\/de\/wp-json\/wp\/v2\/product"}],"about":[{"href":"https:\/\/arazpiercingjewellery.com\/de\/wp-json\/wp\/v2\/types\/product"}],"replies":[{"embeddable":true,"href":"https:\/\/arazpiercingjewellery.com\/de\/wp-json\/wp\/v2\/comments?post=5867"}],"version-history":[{"count":1,"href":"https:\/\/arazpiercingjewellery.com\/de\/wp-json\/wp\/v2\/product\/5867\/revisions"}],"predecessor-version":[{"id":5870,"href":"https:\/\/arazpiercingjewellery.com\/de\/wp-json\/wp\/v2\/product\/5867\/revisions\/5870"}],"wp:featuredmedia":[{"embeddable":true,"href":"https:\/\/arazpiercingjewellery.com\/de\/wp-json\/wp\/v2\/media\/5869"}],"wp:attachment":[{"href":"https:\/\/arazpiercingjewellery.com\/de\/wp-json\/wp\/v2\/media?parent=5867"}],"wp:term":[{"taxonomy":"product_cat","embeddable":true,"href":"https:\/\/arazpiercingjewellery.com\/de\/wp-json\/wp\/v2\/product_cat?post=5867"},{"taxonomy":"product_tag","embeddable":true,"href":"https:\/\/arazpiercingjewellery.com\/de\/wp-json\/wp\/v2\/product_tag?post=5867"}],"curies":[{"name":"wp","href":"https:\/\/api.w.org\/{rel}","templated":true}]}}