{"id":5861,"date":"2026-01-12T11:33:30","date_gmt":"2026-01-12T11:33:30","guid":{"rendered":"https:\/\/arazpiercingjewellery.com\/?post_type=product&#038;p=5861"},"modified":"2026-02-19T11:27:37","modified_gmt":"2026-02-19T11:27:37","slug":"glamskull","status":"publish","type":"product","link":"https:\/\/arazpiercingjewellery.com\/de\/shop\/glamskull\/","title":{"rendered":"Glam Skull"},"content":{"rendered":"<p>Tehlikeli derecede \u015f\u0131k, b\u00fcy\u00fcleyici derecede asi.<\/p>","protected":false},"excerpt":{"rendered":"<p>Asi ruhun l\u00fcks dokunu\u015fla bulu\u015fmas\u0131. <b data-path-to-node=\"2\" data-index-in-node=\"37\">Glam Skull<\/b>, ikonik kuru kafa sil\u00fcetini g\u00f6zlerindeki kristal ta\u015f detaylar\u0131yla &#8216;rock-chic&#8217; bir stil ikonuna d\u00f6n\u00fc\u015ft\u00fcr\u00fcyor. S\u0131radanl\u0131\u011fa meydan okuyan bu cesur tasar\u0131m, kulak kombinlerinde (tragus, helix veya lobe) hem e\u011flenceli hem de iddial\u0131 bir duru\u015f sergiliyor. Stiline biraz tehlike, bolca \u0131\u015f\u0131lt\u0131 katmak isteyenler i\u00e7in tasarland\u0131<\/p>","protected":false},"featured_media":5863,"comment_status":"open","ping_status":"closed","template":"","meta":[],"product_cat":[39],"product_tag":[],"class_list":{"0":"post-5861","1":"product","2":"type-product","3":"status-publish","4":"has-post-thumbnail","6":"product_cat-tragus","8":"first","9":"instock","10":"taxable","11":"shipping-taxable","12":"purchasable","13":"product-type-simple"},"aioseo_notices":[],"_links":{"self":[{"href":"https:\/\/arazpiercingjewellery.com\/de\/wp-json\/wp\/v2\/product\/5861","targetHints":{"allow":["GET"]}}],"collection":[{"href":"https:\/\/arazpiercingjewellery.com\/de\/wp-json\/wp\/v2\/product"}],"about":[{"href":"https:\/\/arazpiercingjewellery.com\/de\/wp-json\/wp\/v2\/types\/product"}],"replies":[{"embeddable":true,"href":"https:\/\/arazpiercingjewellery.com\/de\/wp-json\/wp\/v2\/comments?post=5861"}],"version-history":[{"count":3,"href":"https:\/\/arazpiercingjewellery.com\/de\/wp-json\/wp\/v2\/product\/5861\/revisions"}],"predecessor-version":[{"id":5866,"href":"https:\/\/arazpiercingjewellery.com\/de\/wp-json\/wp\/v2\/product\/5861\/revisions\/5866"}],"wp:featuredmedia":[{"embeddable":true,"href":"https:\/\/arazpiercingjewellery.com\/de\/wp-json\/wp\/v2\/media\/5863"}],"wp:attachment":[{"href":"https:\/\/arazpiercingjewellery.com\/de\/wp-json\/wp\/v2\/media?parent=5861"}],"wp:term":[{"taxonomy":"product_cat","embeddable":true,"href":"https:\/\/arazpiercingjewellery.com\/de\/wp-json\/wp\/v2\/product_cat?post=5861"},{"taxonomy":"product_tag","embeddable":true,"href":"https:\/\/arazpiercingjewellery.com\/de\/wp-json\/wp\/v2\/product_tag?post=5861"}],"curies":[{"name":"wp","href":"https:\/\/api.w.org\/{rel}","templated":true}]}}