{"id":5856,"date":"2026-01-12T11:28:46","date_gmt":"2026-01-12T11:28:46","guid":{"rendered":"https:\/\/arazpiercingjewellery.com\/?post_type=product&#038;p=5856"},"modified":"2026-02-19T11:27:51","modified_gmt":"2026-02-19T11:27:51","slug":"crystal-bloom","status":"publish","type":"product","link":"https:\/\/arazpiercingjewellery.com\/de\/shop\/crystal-bloom\/","title":{"rendered":"Crystal Bloom"},"content":{"rendered":"<p>Kulak k\u0131vr\u0131m\u0131nda a\u00e7an \u0131\u015f\u0131lt\u0131l\u0131 bir bah\u00e7e. <b data-path-to-node=\"2\" data-index-in-node=\"43\">Crystal Bloom<\/b>, do\u011fan\u0131n en zarif sembol\u00fc olan \u00e7i\u00e7ekleri, kristal ta\u015flar\u0131n b\u00fcy\u00fcleyici parlakl\u0131\u011f\u0131yla yeniden yorumluyor. Kula\u011fa t\u0131rmanan zarif formuyla (helix veya conch) modern ve romantik bir duru\u015f sergilerken, her hareketinde \u0131\u015f\u0131\u011f\u0131 dans ettiriyor. Zarafetiyle b\u00fcy\u00fclemek isteyenler i\u00e7in e\u015fsiz bir dokunu\u015f<\/p>","protected":false},"excerpt":{"rendered":"<p>Do\u011fan\u0131n zarafeti, kristal bir r\u00fcyaya d\u00f6n\u00fc\u015ft\u00fc.<\/p>","protected":false},"featured_media":5857,"comment_status":"open","ping_status":"closed","template":"","meta":[],"product_cat":[39],"product_tag":[],"class_list":{"0":"post-5856","1":"product","2":"type-product","3":"status-publish","4":"has-post-thumbnail","6":"product_cat-tragus","8":"first","9":"instock","10":"taxable","11":"shipping-taxable","12":"purchasable","13":"product-type-simple"},"aioseo_notices":[],"_links":{"self":[{"href":"https:\/\/arazpiercingjewellery.com\/de\/wp-json\/wp\/v2\/product\/5856","targetHints":{"allow":["GET"]}}],"collection":[{"href":"https:\/\/arazpiercingjewellery.com\/de\/wp-json\/wp\/v2\/product"}],"about":[{"href":"https:\/\/arazpiercingjewellery.com\/de\/wp-json\/wp\/v2\/types\/product"}],"replies":[{"embeddable":true,"href":"https:\/\/arazpiercingjewellery.com\/de\/wp-json\/wp\/v2\/comments?post=5856"}],"version-history":[{"count":2,"href":"https:\/\/arazpiercingjewellery.com\/de\/wp-json\/wp\/v2\/product\/5856\/revisions"}],"predecessor-version":[{"id":5860,"href":"https:\/\/arazpiercingjewellery.com\/de\/wp-json\/wp\/v2\/product\/5856\/revisions\/5860"}],"wp:featuredmedia":[{"embeddable":true,"href":"https:\/\/arazpiercingjewellery.com\/de\/wp-json\/wp\/v2\/media\/5857"}],"wp:attachment":[{"href":"https:\/\/arazpiercingjewellery.com\/de\/wp-json\/wp\/v2\/media?parent=5856"}],"wp:term":[{"taxonomy":"product_cat","embeddable":true,"href":"https:\/\/arazpiercingjewellery.com\/de\/wp-json\/wp\/v2\/product_cat?post=5856"},{"taxonomy":"product_tag","embeddable":true,"href":"https:\/\/arazpiercingjewellery.com\/de\/wp-json\/wp\/v2\/product_tag?post=5856"}],"curies":[{"name":"wp","href":"https:\/\/api.w.org\/{rel}","templated":true}]}}