{"id":5851,"date":"2026-01-12T11:15:26","date_gmt":"2026-01-12T11:15:26","guid":{"rendered":"https:\/\/arazpiercingjewellery.com\/?post_type=product&#038;p=5851"},"modified":"2026-02-19T11:28:06","modified_gmt":"2026-02-19T11:28:06","slug":"endless-shine","status":"publish","type":"product","link":"https:\/\/arazpiercingjewellery.com\/de\/shop\/endless-shine\/","title":{"rendered":"Endless Shine"},"content":{"rendered":"<p>Sonsuzlu\u011fun en zarif yans\u0131mas\u0131. <b data-path-to-node=\"2\" data-index-in-node=\"33\">Endless Shine<\/b>, ikonik sonsuzluk sembol\u00fcn\u00fc modern k\u0131vr\u0131mlar ve iki adet g\u00f6z al\u0131c\u0131 ta\u015fla bulu\u015fturuyor. Ak\u0131c\u0131 tasar\u0131m\u0131yla kula\u011f\u0131nda (tragus, helix veya lobe) hem zarif bir hareket hem de bitmeyen bir \u0131\u015f\u0131lt\u0131 yarat\u0131r. Zamans\u0131z stili benimseyenler i\u00e7in anlaml\u0131 ve sofistike bir tercih.<\/p>","protected":false},"excerpt":{"rendered":"<p>Sonsuzlu\u011fun en zarif yans\u0131mas\u0131. Endless Shine, ikonik sonsuzluk sembol\u00fcn\u00fc modern k\u0131vr\u0131mlar ve iki adet g\u00f6z al\u0131c\u0131 ta\u015fla bulu\u015fturuyor.&hellip;<\/p>","protected":false},"featured_media":5852,"comment_status":"open","ping_status":"closed","template":"","meta":[],"product_cat":[39],"product_tag":[],"class_list":{"0":"post-5851","1":"product","2":"type-product","3":"status-publish","4":"has-post-thumbnail","6":"product_cat-tragus","8":"first","9":"instock","10":"taxable","11":"shipping-taxable","12":"purchasable","13":"product-type-simple"},"aioseo_notices":[],"_links":{"self":[{"href":"https:\/\/arazpiercingjewellery.com\/de\/wp-json\/wp\/v2\/product\/5851","targetHints":{"allow":["GET"]}}],"collection":[{"href":"https:\/\/arazpiercingjewellery.com\/de\/wp-json\/wp\/v2\/product"}],"about":[{"href":"https:\/\/arazpiercingjewellery.com\/de\/wp-json\/wp\/v2\/types\/product"}],"replies":[{"embeddable":true,"href":"https:\/\/arazpiercingjewellery.com\/de\/wp-json\/wp\/v2\/comments?post=5851"}],"version-history":[{"count":2,"href":"https:\/\/arazpiercingjewellery.com\/de\/wp-json\/wp\/v2\/product\/5851\/revisions"}],"predecessor-version":[{"id":5855,"href":"https:\/\/arazpiercingjewellery.com\/de\/wp-json\/wp\/v2\/product\/5851\/revisions\/5855"}],"wp:featuredmedia":[{"embeddable":true,"href":"https:\/\/arazpiercingjewellery.com\/de\/wp-json\/wp\/v2\/media\/5852"}],"wp:attachment":[{"href":"https:\/\/arazpiercingjewellery.com\/de\/wp-json\/wp\/v2\/media?parent=5851"}],"wp:term":[{"taxonomy":"product_cat","embeddable":true,"href":"https:\/\/arazpiercingjewellery.com\/de\/wp-json\/wp\/v2\/product_cat?post=5851"},{"taxonomy":"product_tag","embeddable":true,"href":"https:\/\/arazpiercingjewellery.com\/de\/wp-json\/wp\/v2\/product_tag?post=5851"}],"curies":[{"name":"wp","href":"https:\/\/api.w.org\/{rel}","templated":true}]}}