{"id":5847,"date":"2026-01-12T11:07:06","date_gmt":"2026-01-12T11:07:06","guid":{"rendered":"https:\/\/arazpiercingjewellery.com\/?post_type=product&#038;p=5847"},"modified":"2026-02-19T11:28:44","modified_gmt":"2026-02-19T11:28:44","slug":"golden-gaze","status":"publish","type":"product","link":"https:\/\/arazpiercingjewellery.com\/de\/shop\/golden-gaze\/","title":{"rendered":"Golden Gaze"},"content":{"rendered":"","protected":false},"excerpt":{"rendered":"<p>\u0130konik g\u00f6z fig\u00fcr\u00fcn\u00fcn en zarif ve modern yorumu. <b data-path-to-node=\"2\" data-index-in-node=\"49\">Golden Gaze<\/b>, alt\u0131n\u0131n s\u0131cak par\u0131lt\u0131s\u0131n\u0131 merkezindeki \u0131\u015f\u0131lt\u0131l\u0131 ta\u015fla bulu\u015fturarak b\u00fcy\u00fcleyici bir etki yarat\u0131yor. Hem mistik bir koruyucu sembol hem de kulak kombinlerinin (tragus, helix veya lobe) en dikkat \u00e7ekici stil par\u00e7as\u0131.<\/p>","protected":false},"featured_media":5849,"comment_status":"open","ping_status":"closed","template":"","meta":[],"product_cat":[39],"product_tag":[],"class_list":{"0":"post-5847","1":"product","2":"type-product","3":"status-publish","4":"has-post-thumbnail","6":"product_cat-tragus","8":"first","9":"instock","10":"taxable","11":"shipping-taxable","12":"purchasable","13":"product-type-simple"},"aioseo_notices":[],"_links":{"self":[{"href":"https:\/\/arazpiercingjewellery.com\/de\/wp-json\/wp\/v2\/product\/5847","targetHints":{"allow":["GET"]}}],"collection":[{"href":"https:\/\/arazpiercingjewellery.com\/de\/wp-json\/wp\/v2\/product"}],"about":[{"href":"https:\/\/arazpiercingjewellery.com\/de\/wp-json\/wp\/v2\/types\/product"}],"replies":[{"embeddable":true,"href":"https:\/\/arazpiercingjewellery.com\/de\/wp-json\/wp\/v2\/comments?post=5847"}],"version-history":[{"count":1,"href":"https:\/\/arazpiercingjewellery.com\/de\/wp-json\/wp\/v2\/product\/5847\/revisions"}],"predecessor-version":[{"id":5850,"href":"https:\/\/arazpiercingjewellery.com\/de\/wp-json\/wp\/v2\/product\/5847\/revisions\/5850"}],"wp:featuredmedia":[{"embeddable":true,"href":"https:\/\/arazpiercingjewellery.com\/de\/wp-json\/wp\/v2\/media\/5849"}],"wp:attachment":[{"href":"https:\/\/arazpiercingjewellery.com\/de\/wp-json\/wp\/v2\/media?parent=5847"}],"wp:term":[{"taxonomy":"product_cat","embeddable":true,"href":"https:\/\/arazpiercingjewellery.com\/de\/wp-json\/wp\/v2\/product_cat?post=5847"},{"taxonomy":"product_tag","embeddable":true,"href":"https:\/\/arazpiercingjewellery.com\/de\/wp-json\/wp\/v2\/product_tag?post=5847"}],"curies":[{"name":"wp","href":"https:\/\/api.w.org\/{rel}","templated":true}]}}