{"id":5842,"date":"2026-01-12T11:02:20","date_gmt":"2026-01-12T11:02:20","guid":{"rendered":"https:\/\/arazpiercingjewellery.com\/?post_type=product&#038;p=5842"},"modified":"2026-02-19T11:29:04","modified_gmt":"2026-02-19T11:29:04","slug":"glam-bunny","status":"publish","type":"product","link":"https:\/\/arazpiercingjewellery.com\/de\/shop\/glam-bunny\/","title":{"rendered":"Glam Bunny"},"content":{"rendered":"<p>I\u015f\u0131lt\u0131nla fark yaratmaya haz\u0131r m\u0131s\u0131n? <b data-path-to-node=\"2\" data-index-in-node=\"39\">Glam Bunny<\/b>, ikonik tav\u015fan sil\u00fcetini g\u00f6z al\u0131c\u0131 zirkon ta\u015flarla bulu\u015fturarak s\u0131radanl\u0131\u011fa meydan okuyor. Hem sevimli hem de iddial\u0131 duru\u015fuyla bu tasar\u0131m, kulak kombinlerinin (tragus, helix veya lob) vazge\u00e7ilmez y\u0131ld\u0131z\u0131 olmaya aday. Stiline k\u00fc\u00e7\u00fck ama etkileyici, &#8216;glam&#8217; bir dokunu\u015f katmak isteyenler i\u00e7in tasarland\u0131<\/p>","protected":false},"excerpt":{"rendered":"<p>\u0130konik sil\u00fcet, kusursuz \u0131\u015f\u0131lt\u0131.<\/p>","protected":false},"featured_media":5843,"comment_status":"open","ping_status":"closed","template":"","meta":[],"product_cat":[39],"product_tag":[],"class_list":{"0":"post-5842","1":"product","2":"type-product","3":"status-publish","4":"has-post-thumbnail","6":"product_cat-tragus","8":"first","9":"instock","10":"taxable","11":"shipping-taxable","12":"purchasable","13":"product-type-simple"},"aioseo_notices":[],"_links":{"self":[{"href":"https:\/\/arazpiercingjewellery.com\/de\/wp-json\/wp\/v2\/product\/5842","targetHints":{"allow":["GET"]}}],"collection":[{"href":"https:\/\/arazpiercingjewellery.com\/de\/wp-json\/wp\/v2\/product"}],"about":[{"href":"https:\/\/arazpiercingjewellery.com\/de\/wp-json\/wp\/v2\/types\/product"}],"replies":[{"embeddable":true,"href":"https:\/\/arazpiercingjewellery.com\/de\/wp-json\/wp\/v2\/comments?post=5842"}],"version-history":[{"count":2,"href":"https:\/\/arazpiercingjewellery.com\/de\/wp-json\/wp\/v2\/product\/5842\/revisions"}],"predecessor-version":[{"id":5846,"href":"https:\/\/arazpiercingjewellery.com\/de\/wp-json\/wp\/v2\/product\/5842\/revisions\/5846"}],"wp:featuredmedia":[{"embeddable":true,"href":"https:\/\/arazpiercingjewellery.com\/de\/wp-json\/wp\/v2\/media\/5843"}],"wp:attachment":[{"href":"https:\/\/arazpiercingjewellery.com\/de\/wp-json\/wp\/v2\/media?parent=5842"}],"wp:term":[{"taxonomy":"product_cat","embeddable":true,"href":"https:\/\/arazpiercingjewellery.com\/de\/wp-json\/wp\/v2\/product_cat?post=5842"},{"taxonomy":"product_tag","embeddable":true,"href":"https:\/\/arazpiercingjewellery.com\/de\/wp-json\/wp\/v2\/product_tag?post=5842"}],"curies":[{"name":"wp","href":"https:\/\/api.w.org\/{rel}","templated":true}]}}