{"id":5818,"date":"2026-01-06T10:43:38","date_gmt":"2026-01-06T10:43:38","guid":{"rendered":"https:\/\/arazpiercingjewellery.com\/?post_type=product&#038;p=5818"},"modified":"2026-02-19T11:31:30","modified_gmt":"2026-02-19T11:31:30","slug":"majesty-sallantili-tac-figurlu-zirkon-tasli-gold-gobek-piercing","status":"publish","type":"product","link":"https:\/\/arazpiercingjewellery.com\/de\/shop\/majesty-sallantili-tac-figurlu-zirkon-tasli-gold-gobek-piercing\/","title":{"rendered":"Majesty Gold Belly"},"content":{"rendered":"","protected":false},"excerpt":{"rendered":"<p>I\u015f\u0131lt\u0131n\u0131z\u0131 ta\u00e7land\u0131r\u0131n. <b data-path-to-node=\"8\" data-index-in-node=\"40\">Majesty<\/b>, g\u00fcc\u00fcn\u00fc asaletten alanlar i\u00e7in tasarland\u0131. G\u00f6bek piercingi koleksiyonumuzun en g\u00f6z al\u0131c\u0131 par\u00e7alar\u0131ndan biri olan bu model, merkezindeki kusursuz kesim zirkon ta\u015f\u0131 ve hemen alt\u0131ndaki zarif sallant\u0131l\u0131 krali\u00e7e tac\u0131 ile t\u00fcm bak\u0131\u015flar\u0131 \u00fczerinize \u00e7ekecek.<\/p>","protected":false},"featured_media":5819,"comment_status":"open","ping_status":"closed","template":"","meta":[],"product_cat":[77],"product_tag":[],"class_list":{"0":"post-5818","1":"product","2":"type-product","3":"status-publish","4":"has-post-thumbnail","6":"product_cat-gobek-piercing","8":"first","9":"instock","10":"taxable","11":"shipping-taxable","12":"purchasable","13":"product-type-simple"},"aioseo_notices":[],"_links":{"self":[{"href":"https:\/\/arazpiercingjewellery.com\/de\/wp-json\/wp\/v2\/product\/5818","targetHints":{"allow":["GET"]}}],"collection":[{"href":"https:\/\/arazpiercingjewellery.com\/de\/wp-json\/wp\/v2\/product"}],"about":[{"href":"https:\/\/arazpiercingjewellery.com\/de\/wp-json\/wp\/v2\/types\/product"}],"replies":[{"embeddable":true,"href":"https:\/\/arazpiercingjewellery.com\/de\/wp-json\/wp\/v2\/comments?post=5818"}],"version-history":[{"count":2,"href":"https:\/\/arazpiercingjewellery.com\/de\/wp-json\/wp\/v2\/product\/5818\/revisions"}],"predecessor-version":[{"id":5823,"href":"https:\/\/arazpiercingjewellery.com\/de\/wp-json\/wp\/v2\/product\/5818\/revisions\/5823"}],"wp:featuredmedia":[{"embeddable":true,"href":"https:\/\/arazpiercingjewellery.com\/de\/wp-json\/wp\/v2\/media\/5819"}],"wp:attachment":[{"href":"https:\/\/arazpiercingjewellery.com\/de\/wp-json\/wp\/v2\/media?parent=5818"}],"wp:term":[{"taxonomy":"product_cat","embeddable":true,"href":"https:\/\/arazpiercingjewellery.com\/de\/wp-json\/wp\/v2\/product_cat?post=5818"},{"taxonomy":"product_tag","embeddable":true,"href":"https:\/\/arazpiercingjewellery.com\/de\/wp-json\/wp\/v2\/product_tag?post=5818"}],"curies":[{"name":"wp","href":"https:\/\/api.w.org\/{rel}","templated":true}]}}