{"id":5813,"date":"2026-01-06T10:34:52","date_gmt":"2026-01-06T10:34:52","guid":{"rendered":"https:\/\/arazpiercingjewellery.com\/?post_type=product&#038;p=5813"},"modified":"2026-02-19T11:31:45","modified_gmt":"2026-02-19T11:31:45","slug":"shine-butterfly","status":"publish","type":"product","link":"https:\/\/arazpiercingjewellery.com\/de\/shop\/shine-butterfly\/","title":{"rendered":"Shine Butterfly"},"content":{"rendered":"","protected":false},"excerpt":{"rendered":"<p>Parlak ta\u015flarla bezeli sallant\u0131l\u0131 kelebek fig\u00fcr\u00fc ve g\u00f6z al\u0131c\u0131 tekta\u015f detay\u0131, her hareketinizde \u0131\u015f\u0131\u011f\u0131 yans\u0131tarak t\u00fcm dikkatleri \u00fczerinize \u00e7eker. Hem g\u00fcnl\u00fck \u015f\u0131kl\u0131\u011f\u0131n\u0131zda hem de \u00f6zel anlar\u0131n\u0131zda g\u00f6be\u011finizdeki en zarif aksesuar olacak.<\/p>","protected":false},"featured_media":5782,"comment_status":"open","ping_status":"closed","template":"","meta":[],"product_cat":[77],"product_tag":[],"class_list":{"0":"post-5813","1":"product","2":"type-product","3":"status-publish","4":"has-post-thumbnail","6":"product_cat-gobek-piercing","8":"first","9":"instock","10":"taxable","11":"shipping-taxable","12":"purchasable","13":"product-type-simple"},"aioseo_notices":[],"_links":{"self":[{"href":"https:\/\/arazpiercingjewellery.com\/de\/wp-json\/wp\/v2\/product\/5813","targetHints":{"allow":["GET"]}}],"collection":[{"href":"https:\/\/arazpiercingjewellery.com\/de\/wp-json\/wp\/v2\/product"}],"about":[{"href":"https:\/\/arazpiercingjewellery.com\/de\/wp-json\/wp\/v2\/types\/product"}],"replies":[{"embeddable":true,"href":"https:\/\/arazpiercingjewellery.com\/de\/wp-json\/wp\/v2\/comments?post=5813"}],"version-history":[{"count":1,"href":"https:\/\/arazpiercingjewellery.com\/de\/wp-json\/wp\/v2\/product\/5813\/revisions"}],"predecessor-version":[{"id":5815,"href":"https:\/\/arazpiercingjewellery.com\/de\/wp-json\/wp\/v2\/product\/5813\/revisions\/5815"}],"wp:featuredmedia":[{"embeddable":true,"href":"https:\/\/arazpiercingjewellery.com\/de\/wp-json\/wp\/v2\/media\/5782"}],"wp:attachment":[{"href":"https:\/\/arazpiercingjewellery.com\/de\/wp-json\/wp\/v2\/media?parent=5813"}],"wp:term":[{"taxonomy":"product_cat","embeddable":true,"href":"https:\/\/arazpiercingjewellery.com\/de\/wp-json\/wp\/v2\/product_cat?post=5813"},{"taxonomy":"product_tag","embeddable":true,"href":"https:\/\/arazpiercingjewellery.com\/de\/wp-json\/wp\/v2\/product_tag?post=5813"}],"curies":[{"name":"wp","href":"https:\/\/api.w.org\/{rel}","templated":true}]}}