{"id":5806,"date":"2026-01-06T10:01:46","date_gmt":"2026-01-06T10:01:46","guid":{"rendered":"https:\/\/arazpiercingjewellery.com\/?post_type=product&#038;p=5806"},"modified":"2026-02-19T11:33:10","modified_gmt":"2026-02-19T11:33:10","slug":"ethereal-butterfly-2","status":"publish","type":"product","link":"https:\/\/arazpiercingjewellery.com\/de\/shop\/ethereal-butterfly-2\/","title":{"rendered":"Ethereal Butterfly 2"},"content":{"rendered":"","protected":false},"excerpt":{"rendered":"<p>Zirkon ta\u015fl\u0131, sallant\u0131l\u0131 kelebek tasar\u0131ml\u0131 gold g\u00f6bek piercingi. I\u015f\u0131lt\u0131l\u0131 g\u00f6r\u00fcn\u00fcm\u00fc ve modern kesimiyle her kombinin en \u015f\u0131k tamamlay\u0131c\u0131s\u0131.<\/p>","protected":false},"featured_media":5809,"comment_status":"open","ping_status":"closed","template":"","meta":[],"product_cat":[77],"product_tag":[],"class_list":{"0":"post-5806","1":"product","2":"type-product","3":"status-publish","4":"has-post-thumbnail","6":"product_cat-gobek-piercing","8":"first","9":"instock","10":"taxable","11":"shipping-taxable","12":"purchasable","13":"product-type-simple"},"aioseo_notices":[],"_links":{"self":[{"href":"https:\/\/arazpiercingjewellery.com\/de\/wp-json\/wp\/v2\/product\/5806","targetHints":{"allow":["GET"]}}],"collection":[{"href":"https:\/\/arazpiercingjewellery.com\/de\/wp-json\/wp\/v2\/product"}],"about":[{"href":"https:\/\/arazpiercingjewellery.com\/de\/wp-json\/wp\/v2\/types\/product"}],"replies":[{"embeddable":true,"href":"https:\/\/arazpiercingjewellery.com\/de\/wp-json\/wp\/v2\/comments?post=5806"}],"version-history":[{"count":1,"href":"https:\/\/arazpiercingjewellery.com\/de\/wp-json\/wp\/v2\/product\/5806\/revisions"}],"predecessor-version":[{"id":5810,"href":"https:\/\/arazpiercingjewellery.com\/de\/wp-json\/wp\/v2\/product\/5806\/revisions\/5810"}],"wp:featuredmedia":[{"embeddable":true,"href":"https:\/\/arazpiercingjewellery.com\/de\/wp-json\/wp\/v2\/media\/5809"}],"wp:attachment":[{"href":"https:\/\/arazpiercingjewellery.com\/de\/wp-json\/wp\/v2\/media?parent=5806"}],"wp:term":[{"taxonomy":"product_cat","embeddable":true,"href":"https:\/\/arazpiercingjewellery.com\/de\/wp-json\/wp\/v2\/product_cat?post=5806"},{"taxonomy":"product_tag","embeddable":true,"href":"https:\/\/arazpiercingjewellery.com\/de\/wp-json\/wp\/v2\/product_tag?post=5806"}],"curies":[{"name":"wp","href":"https:\/\/api.w.org\/{rel}","templated":true}]}}