{"id":5747,"date":"2025-12-31T12:32:44","date_gmt":"2025-12-31T12:32:44","guid":{"rendered":"https:\/\/arazpiercingjewellery.com\/?post_type=product&#038;p=5747"},"modified":"2026-02-19T11:37:06","modified_gmt":"2026-02-19T11:37:06","slug":"selene","status":"publish","type":"product","link":"https:\/\/arazpiercingjewellery.com\/de\/shop\/selene\/","title":{"rendered":"Selene"},"content":{"rendered":"","protected":false},"excerpt":{"rendered":"<p>Ay tanr\u0131\u00e7as\u0131n\u0131n b\u00fcy\u00fcleyici \u0131\u015f\u0131\u011f\u0131ndan ilham alan Selene, kristal ta\u015flarla bezeli hilal formuyla teninizde mistik ve \u0131\u015f\u0131lt\u0131l\u0131 bir zarafet yarat\u0131r<\/p>","protected":false},"featured_media":5751,"comment_status":"open","ping_status":"closed","template":"","meta":[],"product_cat":[77],"product_tag":[],"class_list":{"0":"post-5747","1":"product","2":"type-product","3":"status-publish","4":"has-post-thumbnail","6":"product_cat-gobek-piercing","8":"first","9":"instock","10":"taxable","11":"shipping-taxable","12":"purchasable","13":"product-type-simple"},"aioseo_notices":[],"_links":{"self":[{"href":"https:\/\/arazpiercingjewellery.com\/de\/wp-json\/wp\/v2\/product\/5747","targetHints":{"allow":["GET"]}}],"collection":[{"href":"https:\/\/arazpiercingjewellery.com\/de\/wp-json\/wp\/v2\/product"}],"about":[{"href":"https:\/\/arazpiercingjewellery.com\/de\/wp-json\/wp\/v2\/types\/product"}],"replies":[{"embeddable":true,"href":"https:\/\/arazpiercingjewellery.com\/de\/wp-json\/wp\/v2\/comments?post=5747"}],"version-history":[{"count":1,"href":"https:\/\/arazpiercingjewellery.com\/de\/wp-json\/wp\/v2\/product\/5747\/revisions"}],"predecessor-version":[{"id":5754,"href":"https:\/\/arazpiercingjewellery.com\/de\/wp-json\/wp\/v2\/product\/5747\/revisions\/5754"}],"wp:featuredmedia":[{"embeddable":true,"href":"https:\/\/arazpiercingjewellery.com\/de\/wp-json\/wp\/v2\/media\/5751"}],"wp:attachment":[{"href":"https:\/\/arazpiercingjewellery.com\/de\/wp-json\/wp\/v2\/media?parent=5747"}],"wp:term":[{"taxonomy":"product_cat","embeddable":true,"href":"https:\/\/arazpiercingjewellery.com\/de\/wp-json\/wp\/v2\/product_cat?post=5747"},{"taxonomy":"product_tag","embeddable":true,"href":"https:\/\/arazpiercingjewellery.com\/de\/wp-json\/wp\/v2\/product_tag?post=5747"}],"curies":[{"name":"wp","href":"https:\/\/api.w.org\/{rel}","templated":true}]}}