{"id":5741,"date":"2025-12-31T11:55:24","date_gmt":"2025-12-31T11:55:24","guid":{"rendered":"https:\/\/arazpiercingjewellery.com\/?post_type=product&#038;p=5741"},"modified":"2026-02-19T11:37:39","modified_gmt":"2026-02-19T11:37:39","slug":"classic-solitaire-s","status":"publish","type":"product","link":"https:\/\/arazpiercingjewellery.com\/de\/shop\/classic-solitaire-s\/","title":{"rendered":"Classic Solitaire S"},"content":{"rendered":"","protected":false},"excerpt":{"rendered":"<p>Zamans\u0131z zarafetin en narin yorumu olan Classic Solitaire S, daha k\u00fc\u00e7\u00fck tek ta\u015f detay\u0131yla minimalizmin g\u00fcc\u00fcn\u00fc yans\u0131t\u0131r. Teninizde abart\u0131s\u0131z ama b\u00fcy\u00fcleyici bir \u0131\u015f\u0131lt\u0131 b\u0131rak\u0131r.<\/p>","protected":false},"featured_media":5749,"comment_status":"open","ping_status":"closed","template":"","meta":[],"product_cat":[77],"product_tag":[],"class_list":{"0":"post-5741","1":"product","2":"type-product","3":"status-publish","4":"has-post-thumbnail","6":"product_cat-gobek-piercing","8":"first","9":"instock","10":"taxable","11":"shipping-taxable","12":"purchasable","13":"product-type-simple"},"aioseo_notices":[],"_links":{"self":[{"href":"https:\/\/arazpiercingjewellery.com\/de\/wp-json\/wp\/v2\/product\/5741","targetHints":{"allow":["GET"]}}],"collection":[{"href":"https:\/\/arazpiercingjewellery.com\/de\/wp-json\/wp\/v2\/product"}],"about":[{"href":"https:\/\/arazpiercingjewellery.com\/de\/wp-json\/wp\/v2\/types\/product"}],"replies":[{"embeddable":true,"href":"https:\/\/arazpiercingjewellery.com\/de\/wp-json\/wp\/v2\/comments?post=5741"}],"version-history":[{"count":2,"href":"https:\/\/arazpiercingjewellery.com\/de\/wp-json\/wp\/v2\/product\/5741\/revisions"}],"predecessor-version":[{"id":5746,"href":"https:\/\/arazpiercingjewellery.com\/de\/wp-json\/wp\/v2\/product\/5741\/revisions\/5746"}],"wp:featuredmedia":[{"embeddable":true,"href":"https:\/\/arazpiercingjewellery.com\/de\/wp-json\/wp\/v2\/media\/5749"}],"wp:attachment":[{"href":"https:\/\/arazpiercingjewellery.com\/de\/wp-json\/wp\/v2\/media?parent=5741"}],"wp:term":[{"taxonomy":"product_cat","embeddable":true,"href":"https:\/\/arazpiercingjewellery.com\/de\/wp-json\/wp\/v2\/product_cat?post=5741"},{"taxonomy":"product_tag","embeddable":true,"href":"https:\/\/arazpiercingjewellery.com\/de\/wp-json\/wp\/v2\/product_tag?post=5741"}],"curies":[{"name":"wp","href":"https:\/\/api.w.org\/{rel}","templated":true}]}}