{"id":5735,"date":"2025-12-31T11:37:08","date_gmt":"2025-12-31T11:37:08","guid":{"rendered":"https:\/\/arazpiercingjewellery.com\/?post_type=product&#038;p=5735"},"modified":"2026-02-18T18:30:47","modified_gmt":"2026-02-18T18:30:47","slug":"rosy-butterfly","status":"publish","type":"product","link":"https:\/\/arazpiercingjewellery.com\/de\/shop\/rosy-butterfly\/","title":{"rendered":"Rosy Butterfly"},"content":{"rendered":"","protected":false},"excerpt":{"rendered":"<p>Do\u011fan\u0131n ne\u015feli uyan\u0131\u015f\u0131n\u0131 yans\u0131tan bu tasar\u0131m, g\u00f6z al\u0131c\u0131 pembe \u0131\u015f\u0131lt\u0131s\u0131 ve zarif kelebek sil\u00fcetiyle teninizde b\u00fcy\u00fcleyici bir renk oyunu yarat\u0131r.<\/p>","protected":false},"featured_media":5738,"comment_status":"open","ping_status":"closed","template":"","meta":[],"product_cat":[77,81],"product_tag":[],"class_list":{"0":"post-5735","1":"product","2":"type-product","3":"status-publish","4":"has-post-thumbnail","6":"product_cat-gobek-piercing","7":"product_cat-renkli-piercingler","9":"first","10":"instock","11":"sale","12":"taxable","13":"shipping-taxable","14":"purchasable","15":"product-type-simple"},"aioseo_notices":[],"_links":{"self":[{"href":"https:\/\/arazpiercingjewellery.com\/de\/wp-json\/wp\/v2\/product\/5735","targetHints":{"allow":["GET"]}}],"collection":[{"href":"https:\/\/arazpiercingjewellery.com\/de\/wp-json\/wp\/v2\/product"}],"about":[{"href":"https:\/\/arazpiercingjewellery.com\/de\/wp-json\/wp\/v2\/types\/product"}],"replies":[{"embeddable":true,"href":"https:\/\/arazpiercingjewellery.com\/de\/wp-json\/wp\/v2\/comments?post=5735"}],"version-history":[{"count":1,"href":"https:\/\/arazpiercingjewellery.com\/de\/wp-json\/wp\/v2\/product\/5735\/revisions"}],"predecessor-version":[{"id":5739,"href":"https:\/\/arazpiercingjewellery.com\/de\/wp-json\/wp\/v2\/product\/5735\/revisions\/5739"}],"wp:featuredmedia":[{"embeddable":true,"href":"https:\/\/arazpiercingjewellery.com\/de\/wp-json\/wp\/v2\/media\/5738"}],"wp:attachment":[{"href":"https:\/\/arazpiercingjewellery.com\/de\/wp-json\/wp\/v2\/media?parent=5735"}],"wp:term":[{"taxonomy":"product_cat","embeddable":true,"href":"https:\/\/arazpiercingjewellery.com\/de\/wp-json\/wp\/v2\/product_cat?post=5735"},{"taxonomy":"product_tag","embeddable":true,"href":"https:\/\/arazpiercingjewellery.com\/de\/wp-json\/wp\/v2\/product_tag?post=5735"}],"curies":[{"name":"wp","href":"https:\/\/api.w.org\/{rel}","templated":true}]}}