{"id":5730,"date":"2025-12-31T11:26:58","date_gmt":"2025-12-31T11:26:58","guid":{"rendered":"https:\/\/arazpiercingjewellery.com\/?post_type=product&#038;p=5730"},"modified":"2025-12-31T11:26:58","modified_gmt":"2025-12-31T11:26:58","slug":"eternal-sparkle","status":"publish","type":"product","link":"https:\/\/arazpiercingjewellery.com\/de\/shop\/eternal-sparkle\/","title":{"rendered":"Eternal Sparkle"},"content":{"rendered":"","protected":false},"excerpt":{"rendered":"<p>Zarafetin s\u0131n\u0131r tan\u0131maz halini yans\u0131tan bu tasar\u0131m, \u0131\u015f\u0131lt\u0131l\u0131 sonsuzluk sembol\u00fcyle stilinize hem anlaml\u0131 hem de g\u00f6z al\u0131c\u0131 bir l\u00fcks katar.<\/p>","protected":false},"featured_media":5731,"comment_status":"open","ping_status":"closed","template":"","meta":[],"product_cat":[77],"product_tag":[],"class_list":{"0":"post-5730","1":"product","2":"type-product","3":"status-publish","4":"has-post-thumbnail","6":"product_cat-gobek-piercing","8":"first","9":"instock","10":"sale","11":"taxable","12":"shipping-taxable","13":"purchasable","14":"product-type-simple"},"aioseo_notices":[],"_links":{"self":[{"href":"https:\/\/arazpiercingjewellery.com\/de\/wp-json\/wp\/v2\/product\/5730","targetHints":{"allow":["GET"]}}],"collection":[{"href":"https:\/\/arazpiercingjewellery.com\/de\/wp-json\/wp\/v2\/product"}],"about":[{"href":"https:\/\/arazpiercingjewellery.com\/de\/wp-json\/wp\/v2\/types\/product"}],"replies":[{"embeddable":true,"href":"https:\/\/arazpiercingjewellery.com\/de\/wp-json\/wp\/v2\/comments?post=5730"}],"version-history":[{"count":1,"href":"https:\/\/arazpiercingjewellery.com\/de\/wp-json\/wp\/v2\/product\/5730\/revisions"}],"predecessor-version":[{"id":5734,"href":"https:\/\/arazpiercingjewellery.com\/de\/wp-json\/wp\/v2\/product\/5730\/revisions\/5734"}],"wp:featuredmedia":[{"embeddable":true,"href":"https:\/\/arazpiercingjewellery.com\/de\/wp-json\/wp\/v2\/media\/5731"}],"wp:attachment":[{"href":"https:\/\/arazpiercingjewellery.com\/de\/wp-json\/wp\/v2\/media?parent=5730"}],"wp:term":[{"taxonomy":"product_cat","embeddable":true,"href":"https:\/\/arazpiercingjewellery.com\/de\/wp-json\/wp\/v2\/product_cat?post=5730"},{"taxonomy":"product_tag","embeddable":true,"href":"https:\/\/arazpiercingjewellery.com\/de\/wp-json\/wp\/v2\/product_tag?post=5730"}],"curies":[{"name":"wp","href":"https:\/\/api.w.org\/{rel}","templated":true}]}}