{"id":5724,"date":"2025-12-31T10:56:31","date_gmt":"2025-12-31T10:56:31","guid":{"rendered":"https:\/\/arazpiercingjewellery.com\/?post_type=product&#038;p=5724"},"modified":"2026-02-19T11:38:17","modified_gmt":"2026-02-19T11:38:17","slug":"love-drop","status":"publish","type":"product","link":"https:\/\/arazpiercingjewellery.com\/de\/shop\/love-drop\/","title":{"rendered":"Love Drop"},"content":{"rendered":"","protected":false},"excerpt":{"rendered":"<p>Kalbinizin \u0131\u015f\u0131lt\u0131s\u0131n\u0131 d\u0131\u015fa vuran bu tasar\u0131m, sallant\u0131l\u0131 alt\u0131n kalp fig\u00fcr\u00fcn\u00fcn yaratt\u0131\u011f\u0131 zarif hareketle stilinize romantik ve l\u00fcks bir dokunu\u015f katar.<\/p>","protected":false},"featured_media":5727,"comment_status":"open","ping_status":"closed","template":"","meta":[],"product_cat":[77],"product_tag":[],"class_list":{"0":"post-5724","1":"product","2":"type-product","3":"status-publish","4":"has-post-thumbnail","6":"product_cat-gobek-piercing","8":"first","9":"instock","10":"taxable","11":"shipping-taxable","12":"purchasable","13":"product-type-simple"},"aioseo_notices":[],"_links":{"self":[{"href":"https:\/\/arazpiercingjewellery.com\/de\/wp-json\/wp\/v2\/product\/5724","targetHints":{"allow":["GET"]}}],"collection":[{"href":"https:\/\/arazpiercingjewellery.com\/de\/wp-json\/wp\/v2\/product"}],"about":[{"href":"https:\/\/arazpiercingjewellery.com\/de\/wp-json\/wp\/v2\/types\/product"}],"replies":[{"embeddable":true,"href":"https:\/\/arazpiercingjewellery.com\/de\/wp-json\/wp\/v2\/comments?post=5724"}],"version-history":[{"count":1,"href":"https:\/\/arazpiercingjewellery.com\/de\/wp-json\/wp\/v2\/product\/5724\/revisions"}],"predecessor-version":[{"id":5728,"href":"https:\/\/arazpiercingjewellery.com\/de\/wp-json\/wp\/v2\/product\/5724\/revisions\/5728"}],"wp:featuredmedia":[{"embeddable":true,"href":"https:\/\/arazpiercingjewellery.com\/de\/wp-json\/wp\/v2\/media\/5727"}],"wp:attachment":[{"href":"https:\/\/arazpiercingjewellery.com\/de\/wp-json\/wp\/v2\/media?parent=5724"}],"wp:term":[{"taxonomy":"product_cat","embeddable":true,"href":"https:\/\/arazpiercingjewellery.com\/de\/wp-json\/wp\/v2\/product_cat?post=5724"},{"taxonomy":"product_tag","embeddable":true,"href":"https:\/\/arazpiercingjewellery.com\/de\/wp-json\/wp\/v2\/product_tag?post=5724"}],"curies":[{"name":"wp","href":"https:\/\/api.w.org\/{rel}","templated":true}]}}