{"id":5707,"date":"2025-12-31T10:31:09","date_gmt":"2025-12-31T10:31:09","guid":{"rendered":"https:\/\/arazpiercingjewellery.com\/?post_type=product&#038;p=5707"},"modified":"2026-02-19T11:39:33","modified_gmt":"2026-02-19T11:39:33","slug":"classic-solitaire","status":"publish","type":"product","link":"https:\/\/arazpiercingjewellery.com\/de\/shop\/classic-solitaire\/","title":{"rendered":"Classic Solitaire"},"content":{"rendered":"","protected":false},"excerpt":{"rendered":"<p>Zamans\u0131z zarafetin simgesi olan Classic Solitaire, tek ta\u015f\u0131n b\u00fcy\u00fcleyici \u0131\u015f\u0131lt\u0131s\u0131n\u0131 minimalist bir tasar\u0131mla sunarak stilinize sade ve soylu bir dokunu\u015f katar.<\/p>","protected":false},"featured_media":5708,"comment_status":"open","ping_status":"closed","template":"","meta":[],"product_cat":[77],"product_tag":[],"class_list":{"0":"post-5707","1":"product","2":"type-product","3":"status-publish","4":"has-post-thumbnail","6":"product_cat-gobek-piercing","8":"first","9":"instock","10":"taxable","11":"shipping-taxable","12":"purchasable","13":"product-type-simple"},"aioseo_notices":[],"_links":{"self":[{"href":"https:\/\/arazpiercingjewellery.com\/de\/wp-json\/wp\/v2\/product\/5707","targetHints":{"allow":["GET"]}}],"collection":[{"href":"https:\/\/arazpiercingjewellery.com\/de\/wp-json\/wp\/v2\/product"}],"about":[{"href":"https:\/\/arazpiercingjewellery.com\/de\/wp-json\/wp\/v2\/types\/product"}],"replies":[{"embeddable":true,"href":"https:\/\/arazpiercingjewellery.com\/de\/wp-json\/wp\/v2\/comments?post=5707"}],"version-history":[{"count":1,"href":"https:\/\/arazpiercingjewellery.com\/de\/wp-json\/wp\/v2\/product\/5707\/revisions"}],"predecessor-version":[{"id":5712,"href":"https:\/\/arazpiercingjewellery.com\/de\/wp-json\/wp\/v2\/product\/5707\/revisions\/5712"}],"wp:featuredmedia":[{"embeddable":true,"href":"https:\/\/arazpiercingjewellery.com\/de\/wp-json\/wp\/v2\/media\/5708"}],"wp:attachment":[{"href":"https:\/\/arazpiercingjewellery.com\/de\/wp-json\/wp\/v2\/media?parent=5707"}],"wp:term":[{"taxonomy":"product_cat","embeddable":true,"href":"https:\/\/arazpiercingjewellery.com\/de\/wp-json\/wp\/v2\/product_cat?post=5707"},{"taxonomy":"product_tag","embeddable":true,"href":"https:\/\/arazpiercingjewellery.com\/de\/wp-json\/wp\/v2\/product_tag?post=5707"}],"curies":[{"name":"wp","href":"https:\/\/api.w.org\/{rel}","templated":true}]}}