{"id":5702,"date":"2025-12-30T13:49:19","date_gmt":"2025-12-30T13:49:19","guid":{"rendered":"https:\/\/arazpiercingjewellery.com\/?post_type=product&#038;p=5702"},"modified":"2026-02-19T11:40:21","modified_gmt":"2026-02-19T11:40:21","slug":"chic-bag-charm","status":"publish","type":"product","link":"https:\/\/arazpiercingjewellery.com\/de\/shop\/chic-bag-charm\/","title":{"rendered":"Chic Bag Charm"},"content":{"rendered":"","protected":false},"excerpt":{"rendered":"<p>\u015eehirli ve modern stilden izler ta\u015f\u0131yan bu tasar\u0131m, narin alt\u0131n \u00e7anta formuyla tutkular\u0131n\u0131z\u0131 yans\u0131t\u0131rken kristal \u0131\u015f\u0131lt\u0131s\u0131yla g\u00f6z al\u0131c\u0131 bir \u015f\u0131kl\u0131k sunar.<\/p>","protected":false},"featured_media":5703,"comment_status":"open","ping_status":"closed","template":"","meta":[],"product_cat":[77],"product_tag":[],"class_list":{"0":"post-5702","1":"product","2":"type-product","3":"status-publish","4":"has-post-thumbnail","6":"product_cat-gobek-piercing","8":"first","9":"instock","10":"taxable","11":"shipping-taxable","12":"purchasable","13":"product-type-simple"},"aioseo_notices":[],"_links":{"self":[{"href":"https:\/\/arazpiercingjewellery.com\/de\/wp-json\/wp\/v2\/product\/5702","targetHints":{"allow":["GET"]}}],"collection":[{"href":"https:\/\/arazpiercingjewellery.com\/de\/wp-json\/wp\/v2\/product"}],"about":[{"href":"https:\/\/arazpiercingjewellery.com\/de\/wp-json\/wp\/v2\/types\/product"}],"replies":[{"embeddable":true,"href":"https:\/\/arazpiercingjewellery.com\/de\/wp-json\/wp\/v2\/comments?post=5702"}],"version-history":[{"count":1,"href":"https:\/\/arazpiercingjewellery.com\/de\/wp-json\/wp\/v2\/product\/5702\/revisions"}],"predecessor-version":[{"id":5706,"href":"https:\/\/arazpiercingjewellery.com\/de\/wp-json\/wp\/v2\/product\/5702\/revisions\/5706"}],"wp:featuredmedia":[{"embeddable":true,"href":"https:\/\/arazpiercingjewellery.com\/de\/wp-json\/wp\/v2\/media\/5703"}],"wp:attachment":[{"href":"https:\/\/arazpiercingjewellery.com\/de\/wp-json\/wp\/v2\/media?parent=5702"}],"wp:term":[{"taxonomy":"product_cat","embeddable":true,"href":"https:\/\/arazpiercingjewellery.com\/de\/wp-json\/wp\/v2\/product_cat?post=5702"},{"taxonomy":"product_tag","embeddable":true,"href":"https:\/\/arazpiercingjewellery.com\/de\/wp-json\/wp\/v2\/product_tag?post=5702"}],"curies":[{"name":"wp","href":"https:\/\/api.w.org\/{rel}","templated":true}]}}