{"id":5642,"date":"2025-12-23T14:57:02","date_gmt":"2025-12-23T14:57:02","guid":{"rendered":"https:\/\/arazpiercingjewellery.com\/?post_type=product&#038;p=5642"},"modified":"2026-02-19T11:42:35","modified_gmt":"2026-02-19T11:42:35","slug":"golden-portal","status":"publish","type":"product","link":"https:\/\/arazpiercingjewellery.com\/de\/shop\/golden-portal\/","title":{"rendered":"Golden Portal"},"content":{"rendered":"<p>Geometrik kare formu ve i\u00e7 i\u00e7e dizilmi\u015f \u0131\u015f\u0131lt\u0131l\u0131 ta\u015flar\u0131yla modern ve g\u00fc\u00e7l\u00fc bir duru\u015f sunar.<br data-start=\"185\" data-end=\"188\" \/>Alt\u0131n tonlu parlak y\u00fczeyi sayesinde tek ba\u015f\u0131na kullan\u0131ld\u0131\u011f\u0131nda bile etkileyici, kombinlerde ise tamamlay\u0131c\u0131d\u0131r.<\/p>","protected":false},"excerpt":{"rendered":"<p>Minimal \u00e7izgiler, premium etki.<\/p>","protected":false},"featured_media":5644,"comment_status":"open","ping_status":"closed","template":"","meta":[],"product_cat":[39],"product_tag":[52],"class_list":{"0":"post-5642","1":"product","2":"type-product","3":"status-publish","4":"has-post-thumbnail","6":"product_cat-tragus","7":"product_tag-gold","9":"first","10":"instock","11":"taxable","12":"shipping-taxable","13":"purchasable","14":"product-type-simple"},"aioseo_notices":[],"_links":{"self":[{"href":"https:\/\/arazpiercingjewellery.com\/de\/wp-json\/wp\/v2\/product\/5642","targetHints":{"allow":["GET"]}}],"collection":[{"href":"https:\/\/arazpiercingjewellery.com\/de\/wp-json\/wp\/v2\/product"}],"about":[{"href":"https:\/\/arazpiercingjewellery.com\/de\/wp-json\/wp\/v2\/types\/product"}],"replies":[{"embeddable":true,"href":"https:\/\/arazpiercingjewellery.com\/de\/wp-json\/wp\/v2\/comments?post=5642"}],"version-history":[{"count":2,"href":"https:\/\/arazpiercingjewellery.com\/de\/wp-json\/wp\/v2\/product\/5642\/revisions"}],"predecessor-version":[{"id":5647,"href":"https:\/\/arazpiercingjewellery.com\/de\/wp-json\/wp\/v2\/product\/5642\/revisions\/5647"}],"wp:featuredmedia":[{"embeddable":true,"href":"https:\/\/arazpiercingjewellery.com\/de\/wp-json\/wp\/v2\/media\/5644"}],"wp:attachment":[{"href":"https:\/\/arazpiercingjewellery.com\/de\/wp-json\/wp\/v2\/media?parent=5642"}],"wp:term":[{"taxonomy":"product_cat","embeddable":true,"href":"https:\/\/arazpiercingjewellery.com\/de\/wp-json\/wp\/v2\/product_cat?post=5642"},{"taxonomy":"product_tag","embeddable":true,"href":"https:\/\/arazpiercingjewellery.com\/de\/wp-json\/wp\/v2\/product_tag?post=5642"}],"curies":[{"name":"wp","href":"https:\/\/api.w.org\/{rel}","templated":true}]}}