{"id":5587,"date":"2025-11-22T13:26:08","date_gmt":"2025-11-22T13:26:08","guid":{"rendered":"https:\/\/arazpiercingjewellery.com\/?post_type=product&#038;p=5587"},"modified":"2026-02-19T11:43:12","modified_gmt":"2026-02-19T11:43:12","slug":"crystal-pyramid","status":"publish","type":"product","link":"https:\/\/arazpiercingjewellery.com\/de\/shop\/crystal-pyramid\/","title":{"rendered":"Crystal Pyramid"},"content":{"rendered":"","protected":false},"excerpt":{"rendered":"<p>\u00c7oklu ta\u015flar\u0131n piramit formunda y\u00fckselen \u0131\u015f\u0131lt\u0131s\u0131, Crystal Pyramid\u2019e modern zarafetle parlayan heykelsi bir duru\u015f kazand\u0131r\u0131r.<\/p>","protected":false},"featured_media":5588,"comment_status":"open","ping_status":"closed","template":"","meta":[],"product_cat":[39],"product_tag":[52],"class_list":{"0":"post-5587","1":"product","2":"type-product","3":"status-publish","4":"has-post-thumbnail","6":"product_cat-tragus","7":"product_tag-gold","9":"first","10":"instock","11":"taxable","12":"shipping-taxable","13":"purchasable","14":"product-type-simple"},"aioseo_notices":[],"_links":{"self":[{"href":"https:\/\/arazpiercingjewellery.com\/de\/wp-json\/wp\/v2\/product\/5587","targetHints":{"allow":["GET"]}}],"collection":[{"href":"https:\/\/arazpiercingjewellery.com\/de\/wp-json\/wp\/v2\/product"}],"about":[{"href":"https:\/\/arazpiercingjewellery.com\/de\/wp-json\/wp\/v2\/types\/product"}],"replies":[{"embeddable":true,"href":"https:\/\/arazpiercingjewellery.com\/de\/wp-json\/wp\/v2\/comments?post=5587"}],"version-history":[{"count":1,"href":"https:\/\/arazpiercingjewellery.com\/de\/wp-json\/wp\/v2\/product\/5587\/revisions"}],"predecessor-version":[{"id":5590,"href":"https:\/\/arazpiercingjewellery.com\/de\/wp-json\/wp\/v2\/product\/5587\/revisions\/5590"}],"wp:featuredmedia":[{"embeddable":true,"href":"https:\/\/arazpiercingjewellery.com\/de\/wp-json\/wp\/v2\/media\/5588"}],"wp:attachment":[{"href":"https:\/\/arazpiercingjewellery.com\/de\/wp-json\/wp\/v2\/media?parent=5587"}],"wp:term":[{"taxonomy":"product_cat","embeddable":true,"href":"https:\/\/arazpiercingjewellery.com\/de\/wp-json\/wp\/v2\/product_cat?post=5587"},{"taxonomy":"product_tag","embeddable":true,"href":"https:\/\/arazpiercingjewellery.com\/de\/wp-json\/wp\/v2\/product_tag?post=5587"}],"curies":[{"name":"wp","href":"https:\/\/api.w.org\/{rel}","templated":true}]}}