{"id":5583,"date":"2025-11-22T13:19:09","date_gmt":"2025-11-22T13:19:09","guid":{"rendered":"https:\/\/arazpiercingjewellery.com\/?post_type=product&#038;p=5583"},"modified":"2026-02-19T11:43:20","modified_gmt":"2026-02-19T11:43:20","slug":"natural-elegance","status":"publish","type":"product","link":"https:\/\/arazpiercingjewellery.com\/de\/shop\/natural-elegance\/","title":{"rendered":"Natural Elegance"},"content":{"rendered":"","protected":false},"excerpt":{"rendered":"<p>Do\u011fadan ilham alan yaprak formunu parlak ta\u015f detaylar\u0131yla birle\u015ftiren Natural Elegance, kula\u011fa sofistike ve ince bir \u0131\u015f\u0131lt\u0131 katar.<\/p>","protected":false},"featured_media":5584,"comment_status":"open","ping_status":"closed","template":"","meta":[],"product_cat":[39],"product_tag":[],"class_list":{"0":"post-5583","1":"product","2":"type-product","3":"status-publish","4":"has-post-thumbnail","6":"product_cat-tragus","8":"first","9":"instock","10":"taxable","11":"shipping-taxable","12":"purchasable","13":"product-type-simple"},"aioseo_notices":[],"_links":{"self":[{"href":"https:\/\/arazpiercingjewellery.com\/de\/wp-json\/wp\/v2\/product\/5583","targetHints":{"allow":["GET"]}}],"collection":[{"href":"https:\/\/arazpiercingjewellery.com\/de\/wp-json\/wp\/v2\/product"}],"about":[{"href":"https:\/\/arazpiercingjewellery.com\/de\/wp-json\/wp\/v2\/types\/product"}],"replies":[{"embeddable":true,"href":"https:\/\/arazpiercingjewellery.com\/de\/wp-json\/wp\/v2\/comments?post=5583"}],"version-history":[{"count":1,"href":"https:\/\/arazpiercingjewellery.com\/de\/wp-json\/wp\/v2\/product\/5583\/revisions"}],"predecessor-version":[{"id":5586,"href":"https:\/\/arazpiercingjewellery.com\/de\/wp-json\/wp\/v2\/product\/5583\/revisions\/5586"}],"wp:featuredmedia":[{"embeddable":true,"href":"https:\/\/arazpiercingjewellery.com\/de\/wp-json\/wp\/v2\/media\/5584"}],"wp:attachment":[{"href":"https:\/\/arazpiercingjewellery.com\/de\/wp-json\/wp\/v2\/media?parent=5583"}],"wp:term":[{"taxonomy":"product_cat","embeddable":true,"href":"https:\/\/arazpiercingjewellery.com\/de\/wp-json\/wp\/v2\/product_cat?post=5583"},{"taxonomy":"product_tag","embeddable":true,"href":"https:\/\/arazpiercingjewellery.com\/de\/wp-json\/wp\/v2\/product_tag?post=5583"}],"curies":[{"name":"wp","href":"https:\/\/api.w.org\/{rel}","templated":true}]}}