{"id":5578,"date":"2025-11-21T12:02:25","date_gmt":"2025-11-21T12:02:25","guid":{"rendered":"https:\/\/arazpiercingjewellery.com\/?post_type=product&#038;p=5578"},"modified":"2026-02-19T11:43:37","modified_gmt":"2026-02-19T11:43:37","slug":"elegance-bloom","status":"publish","type":"product","link":"https:\/\/arazpiercingjewellery.com\/de\/shop\/elegance-bloom\/","title":{"rendered":"Elegance Bloom"},"content":{"rendered":"","protected":false},"excerpt":{"rendered":"<p>K\u0131vr\u0131ml\u0131 alt\u0131n dokusu ve \u00fc\u00e7l\u00fc parlak ta\u015f detay\u0131yla Elegance Bloom, kula\u011fa zarif ve feminen bir \u0131\u015f\u0131lt\u0131 kazand\u0131r\u0131r.<\/p>","protected":false},"featured_media":5579,"comment_status":"open","ping_status":"closed","template":"","meta":[],"product_cat":[39],"product_tag":[],"class_list":{"0":"post-5578","1":"product","2":"type-product","3":"status-publish","4":"has-post-thumbnail","6":"product_cat-tragus","8":"first","9":"instock","10":"taxable","11":"shipping-taxable","12":"purchasable","13":"product-type-simple"},"aioseo_notices":[],"_links":{"self":[{"href":"https:\/\/arazpiercingjewellery.com\/de\/wp-json\/wp\/v2\/product\/5578","targetHints":{"allow":["GET"]}}],"collection":[{"href":"https:\/\/arazpiercingjewellery.com\/de\/wp-json\/wp\/v2\/product"}],"about":[{"href":"https:\/\/arazpiercingjewellery.com\/de\/wp-json\/wp\/v2\/types\/product"}],"replies":[{"embeddable":true,"href":"https:\/\/arazpiercingjewellery.com\/de\/wp-json\/wp\/v2\/comments?post=5578"}],"version-history":[{"count":2,"href":"https:\/\/arazpiercingjewellery.com\/de\/wp-json\/wp\/v2\/product\/5578\/revisions"}],"predecessor-version":[{"id":5582,"href":"https:\/\/arazpiercingjewellery.com\/de\/wp-json\/wp\/v2\/product\/5578\/revisions\/5582"}],"wp:featuredmedia":[{"embeddable":true,"href":"https:\/\/arazpiercingjewellery.com\/de\/wp-json\/wp\/v2\/media\/5579"}],"wp:attachment":[{"href":"https:\/\/arazpiercingjewellery.com\/de\/wp-json\/wp\/v2\/media?parent=5578"}],"wp:term":[{"taxonomy":"product_cat","embeddable":true,"href":"https:\/\/arazpiercingjewellery.com\/de\/wp-json\/wp\/v2\/product_cat?post=5578"},{"taxonomy":"product_tag","embeddable":true,"href":"https:\/\/arazpiercingjewellery.com\/de\/wp-json\/wp\/v2\/product_tag?post=5578"}],"curies":[{"name":"wp","href":"https:\/\/api.w.org\/{rel}","templated":true}]}}