{"id":5573,"date":"2025-11-21T11:56:08","date_gmt":"2025-11-21T11:56:08","guid":{"rendered":"https:\/\/arazpiercingjewellery.com\/?post_type=product&#038;p=5573"},"modified":"2026-02-19T11:43:47","modified_gmt":"2026-02-19T11:43:47","slug":"ocean-shine-tragus","status":"publish","type":"product","link":"https:\/\/arazpiercingjewellery.com\/de\/shop\/ocean-shine-tragus\/","title":{"rendered":"Ocean Shine Tragus"},"content":{"rendered":"","protected":false},"excerpt":{"rendered":"<p>Denizy\u0131ld\u0131z\u0131n\u0131n sade formunu alt\u0131n bir dokuyla birle\u015ftiren Ocean Shine, kula\u011fa zarif ve yaz ruhunu ta\u015f\u0131yan bir \u0131\u015f\u0131lt\u0131 katar.<\/p>","protected":false},"featured_media":5574,"comment_status":"open","ping_status":"closed","template":"","meta":[],"product_cat":[39],"product_tag":[],"class_list":{"0":"post-5573","1":"product","2":"type-product","3":"status-publish","4":"has-post-thumbnail","6":"product_cat-tragus","8":"first","9":"instock","10":"taxable","11":"shipping-taxable","12":"purchasable","13":"product-type-simple"},"aioseo_notices":[],"_links":{"self":[{"href":"https:\/\/arazpiercingjewellery.com\/de\/wp-json\/wp\/v2\/product\/5573","targetHints":{"allow":["GET"]}}],"collection":[{"href":"https:\/\/arazpiercingjewellery.com\/de\/wp-json\/wp\/v2\/product"}],"about":[{"href":"https:\/\/arazpiercingjewellery.com\/de\/wp-json\/wp\/v2\/types\/product"}],"replies":[{"embeddable":true,"href":"https:\/\/arazpiercingjewellery.com\/de\/wp-json\/wp\/v2\/comments?post=5573"}],"version-history":[{"count":1,"href":"https:\/\/arazpiercingjewellery.com\/de\/wp-json\/wp\/v2\/product\/5573\/revisions"}],"predecessor-version":[{"id":5577,"href":"https:\/\/arazpiercingjewellery.com\/de\/wp-json\/wp\/v2\/product\/5573\/revisions\/5577"}],"wp:featuredmedia":[{"embeddable":true,"href":"https:\/\/arazpiercingjewellery.com\/de\/wp-json\/wp\/v2\/media\/5574"}],"wp:attachment":[{"href":"https:\/\/arazpiercingjewellery.com\/de\/wp-json\/wp\/v2\/media?parent=5573"}],"wp:term":[{"taxonomy":"product_cat","embeddable":true,"href":"https:\/\/arazpiercingjewellery.com\/de\/wp-json\/wp\/v2\/product_cat?post=5573"},{"taxonomy":"product_tag","embeddable":true,"href":"https:\/\/arazpiercingjewellery.com\/de\/wp-json\/wp\/v2\/product_tag?post=5573"}],"curies":[{"name":"wp","href":"https:\/\/api.w.org\/{rel}","templated":true}]}}