{"id":5568,"date":"2025-11-21T11:25:32","date_gmt":"2025-11-21T11:25:32","guid":{"rendered":"https:\/\/arazpiercingjewellery.com\/?post_type=product&#038;p=5568"},"modified":"2026-02-19T11:44:32","modified_gmt":"2026-02-19T11:44:32","slug":"luxe-trio","status":"publish","type":"product","link":"https:\/\/arazpiercingjewellery.com\/de\/shop\/luxe-trio\/","title":{"rendered":"Luxe Trio 2"},"content":{"rendered":"","protected":false},"excerpt":{"rendered":"<p>\u00dc\u00e7l\u00fc parlak ta\u015f\u0131n zarif \u0131\u015f\u0131lt\u0131s\u0131n\u0131 modern alt\u0131n dokuyla bulu\u015fturan Luxe Trio, kula\u011fa sofistike bir par\u0131lt\u0131 kazand\u0131r\u0131r.<\/p>","protected":false},"featured_media":5569,"comment_status":"open","ping_status":"closed","template":"","meta":[],"product_cat":[39],"product_tag":[],"class_list":{"0":"post-5568","1":"product","2":"type-product","3":"status-publish","4":"has-post-thumbnail","6":"product_cat-tragus","8":"first","9":"instock","10":"taxable","11":"shipping-taxable","12":"purchasable","13":"product-type-simple"},"aioseo_notices":[],"_links":{"self":[{"href":"https:\/\/arazpiercingjewellery.com\/de\/wp-json\/wp\/v2\/product\/5568","targetHints":{"allow":["GET"]}}],"collection":[{"href":"https:\/\/arazpiercingjewellery.com\/de\/wp-json\/wp\/v2\/product"}],"about":[{"href":"https:\/\/arazpiercingjewellery.com\/de\/wp-json\/wp\/v2\/types\/product"}],"replies":[{"embeddable":true,"href":"https:\/\/arazpiercingjewellery.com\/de\/wp-json\/wp\/v2\/comments?post=5568"}],"version-history":[{"count":3,"href":"https:\/\/arazpiercingjewellery.com\/de\/wp-json\/wp\/v2\/product\/5568\/revisions"}],"predecessor-version":[{"id":6451,"href":"https:\/\/arazpiercingjewellery.com\/de\/wp-json\/wp\/v2\/product\/5568\/revisions\/6451"}],"wp:featuredmedia":[{"embeddable":true,"href":"https:\/\/arazpiercingjewellery.com\/de\/wp-json\/wp\/v2\/media\/5569"}],"wp:attachment":[{"href":"https:\/\/arazpiercingjewellery.com\/de\/wp-json\/wp\/v2\/media?parent=5568"}],"wp:term":[{"taxonomy":"product_cat","embeddable":true,"href":"https:\/\/arazpiercingjewellery.com\/de\/wp-json\/wp\/v2\/product_cat?post=5568"},{"taxonomy":"product_tag","embeddable":true,"href":"https:\/\/arazpiercingjewellery.com\/de\/wp-json\/wp\/v2\/product_tag?post=5568"}],"curies":[{"name":"wp","href":"https:\/\/api.w.org\/{rel}","templated":true}]}}