{"id":119,"date":"2021-09-10T14:24:32","date_gmt":"2021-09-10T11:24:32","guid":{"rendered":"https:\/\/arazpiercingjewellery.com\/?post_type=product&#038;p=119"},"modified":"2026-02-19T10:58:00","modified_gmt":"2026-02-19T10:58:00","slug":"pearl-trinity","status":"publish","type":"product","link":"https:\/\/arazpiercingjewellery.com\/de\/shop\/pearl-trinity\/","title":{"rendered":"Pearl Trinity"},"content":{"rendered":"<p>Klasik incinin zarafeti, modern tasar\u0131m\u0131n \u0131\u015f\u0131lt\u0131s\u0131yla bulu\u015ftu. <b data-path-to-node=\"4,1\" data-index-in-node=\"74\">Pearl Trinity<\/b>, merkezindeki do\u011fal g\u00f6r\u00fcn\u00fcml\u00fc inciyi kucaklayan \u00fc\u00e7 adet parlak ta\u015f ile ge\u00e7mi\u015fin asaletini ve bug\u00fcn\u00fcn \u0131\u015f\u0131lt\u0131s\u0131n\u0131 bir araya getiriyor. Hem g\u00fcnl\u00fck stilinize sofistike bir dokunu\u015f katmak hem de \u00f6zel gecelerde parlamak i\u00e7in tasarland\u0131. Sadece bir piercing de\u011fil, \u00fc\u00e7 kat daha g\u00fc\u00e7l\u00fc bir zarafet sembol\u00fc.<\/p>","protected":false},"excerpt":{"rendered":"<p>Klasik incinin zarafeti, modern tasar\u0131m\u0131n \u0131\u015f\u0131lt\u0131s\u0131yla bulu\u015ftu. Pearl Trinity, merkezindeki do\u011fal g\u00f6r\u00fcn\u00fcml\u00fc inciyi kucaklayan \u00fc\u00e7 adet parlak ta\u015f&hellip;<\/p>","protected":false},"featured_media":6120,"comment_status":"open","ping_status":"closed","template":"","meta":[],"product_cat":[46,97],"product_tag":[45,52],"class_list":{"0":"post-119","1":"product","2":"type-product","3":"status-publish","4":"has-post-thumbnail","6":"product_cat-halka-piercing","7":"product_cat-inci-serisi","8":"product_tag-earring","9":"product_tag-gold","10":"pa_brand-louisvuitton","12":"first","13":"instock","14":"taxable","15":"shipping-taxable","16":"purchasable","17":"product-type-simple"},"aioseo_notices":[],"_links":{"self":[{"href":"https:\/\/arazpiercingjewellery.com\/de\/wp-json\/wp\/v2\/product\/119","targetHints":{"allow":["GET"]}}],"collection":[{"href":"https:\/\/arazpiercingjewellery.com\/de\/wp-json\/wp\/v2\/product"}],"about":[{"href":"https:\/\/arazpiercingjewellery.com\/de\/wp-json\/wp\/v2\/types\/product"}],"replies":[{"embeddable":true,"href":"https:\/\/arazpiercingjewellery.com\/de\/wp-json\/wp\/v2\/comments?post=119"}],"version-history":[{"count":2,"href":"https:\/\/arazpiercingjewellery.com\/de\/wp-json\/wp\/v2\/product\/119\/revisions"}],"predecessor-version":[{"id":6121,"href":"https:\/\/arazpiercingjewellery.com\/de\/wp-json\/wp\/v2\/product\/119\/revisions\/6121"}],"wp:featuredmedia":[{"embeddable":true,"href":"https:\/\/arazpiercingjewellery.com\/de\/wp-json\/wp\/v2\/media\/6120"}],"wp:attachment":[{"href":"https:\/\/arazpiercingjewellery.com\/de\/wp-json\/wp\/v2\/media?parent=119"}],"wp:term":[{"taxonomy":"product_cat","embeddable":true,"href":"https:\/\/arazpiercingjewellery.com\/de\/wp-json\/wp\/v2\/product_cat?post=119"},{"taxonomy":"product_tag","embeddable":true,"href":"https:\/\/arazpiercingjewellery.com\/de\/wp-json\/wp\/v2\/product_tag?post=119"}],"curies":[{"name":"wp","href":"https:\/\/api.w.org\/{rel}","templated":true}]}}