{"id":116,"date":"2021-09-10T13:11:46","date_gmt":"2021-09-10T10:11:46","guid":{"rendered":"https:\/\/arazpiercingjewellery.com\/?post_type=product&#038;p=116"},"modified":"2026-02-19T11:46:48","modified_gmt":"2026-02-19T11:46:48","slug":"rainbow-orbit-belly","status":"publish","type":"product","link":"https:\/\/arazpiercingjewellery.com\/de\/shop\/rainbow-orbit-belly\/","title":{"rendered":"Rainbow Orbit Belly"},"content":{"rendered":"","protected":false},"excerpt":{"rendered":"<p>G\u00f6kku\u015fa\u011f\u0131n\u0131n ne\u015feli tonlar\u0131n\u0131 zarif bir y\u00f6r\u00fcngede bulu\u015fturan bu tasar\u0131m, sallant\u0131l\u0131 gezegen fig\u00fcr\u00fcyle teninizde g\u00f6z al\u0131c\u0131 ve renkli bir d\u00fcnya yarat\u0131r.<\/p>","protected":false},"featured_media":5698,"comment_status":"open","ping_status":"closed","template":"","meta":[],"product_cat":[77,81],"product_tag":[52,76],"class_list":{"0":"post-116","1":"product","2":"type-product","3":"status-publish","4":"has-post-thumbnail","6":"product_cat-gobek-piercing","7":"product_cat-renkli-piercingler","8":"product_tag-gold","9":"product_tag-ring","10":"pa_brand-cartier","12":"first","13":"instock","14":"taxable","15":"shipping-taxable","16":"purchasable","17":"product-type-simple"},"aioseo_notices":[],"_links":{"self":[{"href":"https:\/\/arazpiercingjewellery.com\/de\/wp-json\/wp\/v2\/product\/116","targetHints":{"allow":["GET"]}}],"collection":[{"href":"https:\/\/arazpiercingjewellery.com\/de\/wp-json\/wp\/v2\/product"}],"about":[{"href":"https:\/\/arazpiercingjewellery.com\/de\/wp-json\/wp\/v2\/types\/product"}],"replies":[{"embeddable":true,"href":"https:\/\/arazpiercingjewellery.com\/de\/wp-json\/wp\/v2\/comments?post=116"}],"version-history":[{"count":2,"href":"https:\/\/arazpiercingjewellery.com\/de\/wp-json\/wp\/v2\/product\/116\/revisions"}],"predecessor-version":[{"id":5701,"href":"https:\/\/arazpiercingjewellery.com\/de\/wp-json\/wp\/v2\/product\/116\/revisions\/5701"}],"wp:featuredmedia":[{"embeddable":true,"href":"https:\/\/arazpiercingjewellery.com\/de\/wp-json\/wp\/v2\/media\/5698"}],"wp:attachment":[{"href":"https:\/\/arazpiercingjewellery.com\/de\/wp-json\/wp\/v2\/media?parent=116"}],"wp:term":[{"taxonomy":"product_cat","embeddable":true,"href":"https:\/\/arazpiercingjewellery.com\/de\/wp-json\/wp\/v2\/product_cat?post=116"},{"taxonomy":"product_tag","embeddable":true,"href":"https:\/\/arazpiercingjewellery.com\/de\/wp-json\/wp\/v2\/product_tag?post=116"}],"curies":[{"name":"wp","href":"https:\/\/api.w.org\/{rel}","templated":true}]}}