{"id":115,"date":"2021-09-10T13:00:37","date_gmt":"2021-09-10T10:00:37","guid":{"rendered":"https:\/\/arazpiercingjewellery.com\/?post_type=product&#038;p=115"},"modified":"2026-02-17T20:33:46","modified_gmt":"2026-02-17T20:33:46","slug":"luna-flutter-gold","status":"publish","type":"product","link":"https:\/\/arazpiercingjewellery.com\/de\/shop\/luna-flutter-gold\/","title":{"rendered":"Luna Flutter Gold"},"content":{"rendered":"","protected":false},"excerpt":{"rendered":"<p>Ak\u0131c\u0131 formu ve zarif ta\u015f detay\u0131yla \u00f6ne \u00e7\u0131kan, el i\u015f\u00e7ili\u011fiyle \u00fcretilmi\u015f gold g\u00f6bek piercingidir.<br data-start=\"283\" data-end=\"286\" \/>Minimal tasar\u0131m\u0131 ve dengeli \u0131\u015f\u0131lt\u0131s\u0131yla sofistike, zamans\u0131z bir duru\u015f sunar.<\/p>","protected":false},"featured_media":5690,"comment_status":"open","ping_status":"closed","template":"","meta":[],"product_cat":[77],"product_tag":[43,73,76],"class_list":{"0":"post-115","1":"product","2":"type-product","3":"status-publish","4":"has-post-thumbnail","6":"product_cat-gobek-piercing","7":"product_tag-diamond","8":"product_tag-platinum","9":"product_tag-ring","10":"pa_brand-tiffany-victoria","12":"first","13":"instock","14":"sale","15":"taxable","16":"shipping-taxable","17":"purchasable","18":"product-type-simple"},"aioseo_notices":[],"_links":{"self":[{"href":"https:\/\/arazpiercingjewellery.com\/de\/wp-json\/wp\/v2\/product\/115","targetHints":{"allow":["GET"]}}],"collection":[{"href":"https:\/\/arazpiercingjewellery.com\/de\/wp-json\/wp\/v2\/product"}],"about":[{"href":"https:\/\/arazpiercingjewellery.com\/de\/wp-json\/wp\/v2\/types\/product"}],"replies":[{"embeddable":true,"href":"https:\/\/arazpiercingjewellery.com\/de\/wp-json\/wp\/v2\/comments?post=115"}],"version-history":[{"count":4,"href":"https:\/\/arazpiercingjewellery.com\/de\/wp-json\/wp\/v2\/product\/115\/revisions"}],"predecessor-version":[{"id":5696,"href":"https:\/\/arazpiercingjewellery.com\/de\/wp-json\/wp\/v2\/product\/115\/revisions\/5696"}],"wp:featuredmedia":[{"embeddable":true,"href":"https:\/\/arazpiercingjewellery.com\/de\/wp-json\/wp\/v2\/media\/5690"}],"wp:attachment":[{"href":"https:\/\/arazpiercingjewellery.com\/de\/wp-json\/wp\/v2\/media?parent=115"}],"wp:term":[{"taxonomy":"product_cat","embeddable":true,"href":"https:\/\/arazpiercingjewellery.com\/de\/wp-json\/wp\/v2\/product_cat?post=115"},{"taxonomy":"product_tag","embeddable":true,"href":"https:\/\/arazpiercingjewellery.com\/de\/wp-json\/wp\/v2\/product_tag?post=115"}],"curies":[{"name":"wp","href":"https:\/\/api.w.org\/{rel}","templated":true}]}}