{"id":114,"date":"2021-09-10T12:28:10","date_gmt":"2021-09-10T09:28:10","guid":{"rendered":"https:\/\/arazpiercingjewellery.com\/?post_type=product&#038;p=114"},"modified":"2026-02-19T11:47:56","modified_gmt":"2026-02-19T11:47:56","slug":"goldendrop","status":"publish","type":"product","link":"https:\/\/arazpiercingjewellery.com\/de\/shop\/goldendrop\/","title":{"rendered":"Golden Drop Belly"},"content":{"rendered":"","protected":false},"excerpt":{"rendered":"<p>Zarafetin en saf halini yans\u0131tan bu tasar\u0131m, b\u00fcy\u00fck tek ta\u015f\u0131n parlakl\u0131\u011f\u0131n\u0131 sallant\u0131l\u0131 damla fig\u00fcr\u00fcyle bulu\u015fturarak stilinize sofistike bir l\u00fcks katar.<\/p>","protected":false},"featured_media":5692,"comment_status":"open","ping_status":"closed","template":"","meta":[],"product_cat":[77],"product_tag":[52,62,76],"class_list":{"0":"post-114","1":"product","2":"type-product","3":"status-publish","4":"has-post-thumbnail","6":"product_cat-gobek-piercing","7":"product_tag-gold","8":"product_tag-man","9":"product_tag-ring","10":"pa_brand-prada","12":"first","13":"instock","14":"featured","15":"taxable","16":"shipping-taxable","17":"purchasable","18":"product-type-simple"},"aioseo_notices":[],"_links":{"self":[{"href":"https:\/\/arazpiercingjewellery.com\/de\/wp-json\/wp\/v2\/product\/114","targetHints":{"allow":["GET"]}}],"collection":[{"href":"https:\/\/arazpiercingjewellery.com\/de\/wp-json\/wp\/v2\/product"}],"about":[{"href":"https:\/\/arazpiercingjewellery.com\/de\/wp-json\/wp\/v2\/types\/product"}],"replies":[{"embeddable":true,"href":"https:\/\/arazpiercingjewellery.com\/de\/wp-json\/wp\/v2\/comments?post=114"}],"version-history":[{"count":2,"href":"https:\/\/arazpiercingjewellery.com\/de\/wp-json\/wp\/v2\/product\/114\/revisions"}],"predecessor-version":[{"id":5695,"href":"https:\/\/arazpiercingjewellery.com\/de\/wp-json\/wp\/v2\/product\/114\/revisions\/5695"}],"wp:featuredmedia":[{"embeddable":true,"href":"https:\/\/arazpiercingjewellery.com\/de\/wp-json\/wp\/v2\/media\/5692"}],"wp:attachment":[{"href":"https:\/\/arazpiercingjewellery.com\/de\/wp-json\/wp\/v2\/media?parent=114"}],"wp:term":[{"taxonomy":"product_cat","embeddable":true,"href":"https:\/\/arazpiercingjewellery.com\/de\/wp-json\/wp\/v2\/product_cat?post=114"},{"taxonomy":"product_tag","embeddable":true,"href":"https:\/\/arazpiercingjewellery.com\/de\/wp-json\/wp\/v2\/product_tag?post=114"}],"curies":[{"name":"wp","href":"https:\/\/api.w.org\/{rel}","templated":true}]}}