{"id":113,"date":"2021-09-10T12:16:36","date_gmt":"2021-09-10T09:16:36","guid":{"rendered":"https:\/\/arazpiercingjewellery.com\/?post_type=product&#038;p=113"},"modified":"2026-02-19T11:49:07","modified_gmt":"2026-02-19T11:49:07","slug":"butterfly-charm-belly","status":"publish","type":"product","link":"https:\/\/arazpiercingjewellery.com\/de\/shop\/butterfly-charm-belly\/","title":{"rendered":"Butterfly Charm Gold"},"content":{"rendered":"","protected":false},"excerpt":{"rendered":"<p>\u0130ncelikle i\u015flenmi\u015f kelebek fig\u00fcr\u00fc ve zarif ta\u015f detay\u0131, tasar\u0131ma zamans\u0131z bir \u0131\u015f\u0131lt\u0131 ve se\u00e7kin bir karakter kazand\u0131r\u0131r.<br data-start=\"316\" data-end=\"319\" data-is-only-node=\"\" \/>Minimal formu ve rafine duru\u015fuyla, sofistike bir stilin tamamlay\u0131c\u0131s\u0131d\u0131r.<\/p>","protected":false},"featured_media":5686,"comment_status":"open","ping_status":"closed","template":"","meta":[],"product_cat":[77],"product_tag":[52,60,76],"class_list":{"0":"post-113","1":"product","2":"type-product","3":"status-publish","4":"has-post-thumbnail","6":"product_cat-gobek-piercing","7":"product_tag-gold","8":"product_tag-leaf","9":"product_tag-ring","10":"pa_brand-paloma-picasso","12":"first","13":"instock","14":"taxable","15":"shipping-taxable","16":"purchasable","17":"product-type-simple"},"aioseo_notices":[],"_links":{"self":[{"href":"https:\/\/arazpiercingjewellery.com\/de\/wp-json\/wp\/v2\/product\/113","targetHints":{"allow":["GET"]}}],"collection":[{"href":"https:\/\/arazpiercingjewellery.com\/de\/wp-json\/wp\/v2\/product"}],"about":[{"href":"https:\/\/arazpiercingjewellery.com\/de\/wp-json\/wp\/v2\/types\/product"}],"replies":[{"embeddable":true,"href":"https:\/\/arazpiercingjewellery.com\/de\/wp-json\/wp\/v2\/comments?post=113"}],"version-history":[{"count":4,"href":"https:\/\/arazpiercingjewellery.com\/de\/wp-json\/wp\/v2\/product\/113\/revisions"}],"predecessor-version":[{"id":5683,"href":"https:\/\/arazpiercingjewellery.com\/de\/wp-json\/wp\/v2\/product\/113\/revisions\/5683"}],"wp:featuredmedia":[{"embeddable":true,"href":"https:\/\/arazpiercingjewellery.com\/de\/wp-json\/wp\/v2\/media\/5686"}],"wp:attachment":[{"href":"https:\/\/arazpiercingjewellery.com\/de\/wp-json\/wp\/v2\/media?parent=113"}],"wp:term":[{"taxonomy":"product_cat","embeddable":true,"href":"https:\/\/arazpiercingjewellery.com\/de\/wp-json\/wp\/v2\/product_cat?post=113"},{"taxonomy":"product_tag","embeddable":true,"href":"https:\/\/arazpiercingjewellery.com\/de\/wp-json\/wp\/v2\/product_tag?post=113"}],"curies":[{"name":"wp","href":"https:\/\/api.w.org\/{rel}","templated":true}]}}