{"id":112,"date":"2021-09-10T11:52:25","date_gmt":"2021-09-10T08:52:25","guid":{"rendered":"https:\/\/arazpiercingjewellery.com\/?post_type=product&#038;p=112"},"modified":"2026-02-19T11:49:55","modified_gmt":"2026-02-19T11:49:55","slug":"crystal-star","status":"publish","type":"product","link":"https:\/\/arazpiercingjewellery.com\/de\/shop\/crystal-star\/","title":{"rendered":"Crystal Star"},"content":{"rendered":"<p>&nbsp;<\/p>\n<ul>\n<li>Zirkon Ta\u015f, 14k Alt\u0131n<\/li>\n<li>Size medium<\/li>\n<\/ul>","protected":false},"excerpt":{"rendered":"<p>Y\u0131ld\u0131zlar\u0131n b\u00fcy\u00fcleyici \u0131\u015f\u0131\u011f\u0131n\u0131 yans\u0131tan Crystal Star alt\u0131n piercing, \u0131\u015f\u0131lt\u0131l\u0131 tasar\u0131m\u0131yla stilinize sofistike bir dokunu\u015f katar.<\/p>","protected":false},"featured_media":5681,"comment_status":"open","ping_status":"closed","template":"","meta":[],"product_cat":[39],"product_tag":[44,83,38],"class_list":{"0":"post-112","1":"product","2":"type-product","3":"status-publish","4":"has-post-thumbnail","6":"product_cat-tragus","7":"product_tag-diamonds","8":"product_tag-silver","9":"product_tag-tragus-gold-piercing","10":"pa_brand-louisvuitton","11":"pa_shape-marquise","13":"first","14":"instock","15":"taxable","16":"shipping-taxable","17":"purchasable","18":"product-type-simple"},"aioseo_notices":[],"_links":{"self":[{"href":"https:\/\/arazpiercingjewellery.com\/de\/wp-json\/wp\/v2\/product\/112","targetHints":{"allow":["GET"]}}],"collection":[{"href":"https:\/\/arazpiercingjewellery.com\/de\/wp-json\/wp\/v2\/product"}],"about":[{"href":"https:\/\/arazpiercingjewellery.com\/de\/wp-json\/wp\/v2\/types\/product"}],"replies":[{"embeddable":true,"href":"https:\/\/arazpiercingjewellery.com\/de\/wp-json\/wp\/v2\/comments?post=112"}],"version-history":[{"count":3,"href":"https:\/\/arazpiercingjewellery.com\/de\/wp-json\/wp\/v2\/product\/112\/revisions"}],"predecessor-version":[{"id":5682,"href":"https:\/\/arazpiercingjewellery.com\/de\/wp-json\/wp\/v2\/product\/112\/revisions\/5682"}],"wp:featuredmedia":[{"embeddable":true,"href":"https:\/\/arazpiercingjewellery.com\/de\/wp-json\/wp\/v2\/media\/5681"}],"wp:attachment":[{"href":"https:\/\/arazpiercingjewellery.com\/de\/wp-json\/wp\/v2\/media?parent=112"}],"wp:term":[{"taxonomy":"product_cat","embeddable":true,"href":"https:\/\/arazpiercingjewellery.com\/de\/wp-json\/wp\/v2\/product_cat?post=112"},{"taxonomy":"product_tag","embeddable":true,"href":"https:\/\/arazpiercingjewellery.com\/de\/wp-json\/wp\/v2\/product_tag?post=112"}],"curies":[{"name":"wp","href":"https:\/\/api.w.org\/{rel}","templated":true}]}}