{"id":111,"date":"2021-09-10T11:27:04","date_gmt":"2021-09-10T08:27:04","guid":{"rendered":"https:\/\/arazpiercingjewellery.com\/?post_type=product&#038;p=111"},"modified":"2026-02-19T11:50:10","modified_gmt":"2026-02-19T11:50:10","slug":"nota-gold","status":"publish","type":"product","link":"https:\/\/arazpiercingjewellery.com\/de\/shop\/nota-gold\/","title":{"rendered":"Nota Gold"},"content":{"rendered":"<p>&nbsp;<\/p>\n<ul>\n<li>18 K Alt\u0131n \u00f6zel \u00fcretim zirkon ta\u015f<\/li>\n<li>Size medium<\/li>\n<\/ul>","protected":false},"excerpt":{"rendered":"<p>M\u00fczikal zarafetten ilham alan nota formlu alt\u0131n tragus piercing, modern sadeli\u011fi \u015f\u0131k bir dokunu\u015fla tamamlar.<\/p>","protected":false},"featured_media":5563,"comment_status":"open","ping_status":"closed","template":"","meta":[],"product_cat":[39],"product_tag":[52],"class_list":{"0":"post-111","1":"product","2":"type-product","3":"status-publish","4":"has-post-thumbnail","6":"product_cat-tragus","7":"product_tag-gold","8":"pa_brand-elsa-peretti","10":"first","11":"instock","12":"featured","13":"taxable","14":"shipping-taxable","15":"purchasable","16":"product-type-simple"},"aioseo_notices":[],"_links":{"self":[{"href":"https:\/\/arazpiercingjewellery.com\/de\/wp-json\/wp\/v2\/product\/111","targetHints":{"allow":["GET"]}}],"collection":[{"href":"https:\/\/arazpiercingjewellery.com\/de\/wp-json\/wp\/v2\/product"}],"about":[{"href":"https:\/\/arazpiercingjewellery.com\/de\/wp-json\/wp\/v2\/types\/product"}],"replies":[{"embeddable":true,"href":"https:\/\/arazpiercingjewellery.com\/de\/wp-json\/wp\/v2\/comments?post=111"}],"version-history":[{"count":1,"href":"https:\/\/arazpiercingjewellery.com\/de\/wp-json\/wp\/v2\/product\/111\/revisions"}],"predecessor-version":[{"id":5551,"href":"https:\/\/arazpiercingjewellery.com\/de\/wp-json\/wp\/v2\/product\/111\/revisions\/5551"}],"wp:featuredmedia":[{"embeddable":true,"href":"https:\/\/arazpiercingjewellery.com\/de\/wp-json\/wp\/v2\/media\/5563"}],"wp:attachment":[{"href":"https:\/\/arazpiercingjewellery.com\/de\/wp-json\/wp\/v2\/media?parent=111"}],"wp:term":[{"taxonomy":"product_cat","embeddable":true,"href":"https:\/\/arazpiercingjewellery.com\/de\/wp-json\/wp\/v2\/product_cat?post=111"},{"taxonomy":"product_tag","embeddable":true,"href":"https:\/\/arazpiercingjewellery.com\/de\/wp-json\/wp\/v2\/product_tag?post=111"}],"curies":[{"name":"wp","href":"https:\/\/api.w.org\/{rel}","templated":true}]}}