{"id":110,"date":"2021-09-10T09:58:42","date_gmt":"2021-09-10T06:58:42","guid":{"rendered":"https:\/\/arazpiercingjewellery.com\/?post_type=product&#038;p=110"},"modified":"2026-02-19T11:50:25","modified_gmt":"2026-02-19T11:50:25","slug":"rainbow-orbit","status":"publish","type":"product","link":"https:\/\/arazpiercingjewellery.com\/de\/shop\/rainbow-orbit\/","title":{"rendered":"Rainbow Orbit"},"content":{"rendered":"<p>&nbsp;<\/p>\n<ul>\n<li>18k rose gold with round brilliant diamonds<\/li>\n<li>Size medium<\/li>\n<\/ul>","protected":false},"excerpt":{"rendered":"<p>Alt\u0131n orbit formunda, renkli ta\u015flarla \u0131\u015f\u0131ldayan bu zarif tasar\u0131m; feminen \u015f\u0131kl\u0131\u011f\u0131, ince bir g\u00fc\u00e7 duygusuyla bulu\u015fturarak kendinden emin bir \u0131\u015f\u0131lt\u0131 sunar.<\/p>","protected":false},"featured_media":5565,"comment_status":"open","ping_status":"closed","template":"","meta":[],"product_cat":[39,81],"product_tag":[44,38],"class_list":{"0":"post-110","1":"product","2":"type-product","3":"status-publish","4":"has-post-thumbnail","6":"product_cat-tragus","7":"product_cat-renkli-piercingler","8":"product_tag-diamonds","9":"product_tag-tragus-gold-piercing","10":"pa_shape-oval","12":"first","13":"instock","14":"featured","15":"taxable","16":"shipping-taxable","17":"purchasable","18":"product-type-simple"},"aioseo_notices":[],"_links":{"self":[{"href":"https:\/\/arazpiercingjewellery.com\/de\/wp-json\/wp\/v2\/product\/110","targetHints":{"allow":["GET"]}}],"collection":[{"href":"https:\/\/arazpiercingjewellery.com\/de\/wp-json\/wp\/v2\/product"}],"about":[{"href":"https:\/\/arazpiercingjewellery.com\/de\/wp-json\/wp\/v2\/types\/product"}],"replies":[{"embeddable":true,"href":"https:\/\/arazpiercingjewellery.com\/de\/wp-json\/wp\/v2\/comments?post=110"}],"version-history":[{"count":2,"href":"https:\/\/arazpiercingjewellery.com\/de\/wp-json\/wp\/v2\/product\/110\/revisions"}],"predecessor-version":[{"id":5567,"href":"https:\/\/arazpiercingjewellery.com\/de\/wp-json\/wp\/v2\/product\/110\/revisions\/5567"}],"wp:featuredmedia":[{"embeddable":true,"href":"https:\/\/arazpiercingjewellery.com\/de\/wp-json\/wp\/v2\/media\/5565"}],"wp:attachment":[{"href":"https:\/\/arazpiercingjewellery.com\/de\/wp-json\/wp\/v2\/media?parent=110"}],"wp:term":[{"taxonomy":"product_cat","embeddable":true,"href":"https:\/\/arazpiercingjewellery.com\/de\/wp-json\/wp\/v2\/product_cat?post=110"},{"taxonomy":"product_tag","embeddable":true,"href":"https:\/\/arazpiercingjewellery.com\/de\/wp-json\/wp\/v2\/product_tag?post=110"}],"curies":[{"name":"wp","href":"https:\/\/api.w.org\/{rel}","templated":true}]}}