{"id":107,"date":"2021-09-09T19:06:52","date_gmt":"2021-09-09T16:06:52","guid":{"rendered":"https:\/\/arazpiercingjewellery.com\/?post_type=product&#038;p=107"},"modified":"2026-02-19T11:50:46","modified_gmt":"2026-02-19T11:50:46","slug":"vera-diamond","status":"publish","type":"product","link":"https:\/\/arazpiercingjewellery.com\/de\/shop\/vera-diamond\/","title":{"rendered":"Vera Diamond"},"content":{"rendered":"<p>Geometrik diamond formu ile zarif bir alt\u0131n \u0131\u015f\u0131lt\u0131.<\/p>","protected":false},"excerpt":{"rendered":"<p>Tiffany round diamonds catch the light and make it dance. Bracelet in 18k rose gold with a round brilliant diamond. 7&#8243; long.<\/p>","protected":false},"featured_media":5560,"comment_status":"open","ping_status":"closed","template":"","meta":[],"product_cat":[39],"product_tag":[44,78,38],"class_list":{"0":"post-107","1":"product","2":"type-product","3":"status-publish","4":"has-post-thumbnail","6":"product_cat-tragus","7":"product_tag-diamonds","8":"product_tag-rose-gold","9":"product_tag-tragus-gold-piercing","10":"pa_brand-elsa-peretti","12":"first","13":"instock","14":"taxable","15":"shipping-taxable","16":"purchasable","17":"product-type-simple"},"aioseo_notices":[],"_links":{"self":[{"href":"https:\/\/arazpiercingjewellery.com\/de\/wp-json\/wp\/v2\/product\/107","targetHints":{"allow":["GET"]}}],"collection":[{"href":"https:\/\/arazpiercingjewellery.com\/de\/wp-json\/wp\/v2\/product"}],"about":[{"href":"https:\/\/arazpiercingjewellery.com\/de\/wp-json\/wp\/v2\/types\/product"}],"replies":[{"embeddable":true,"href":"https:\/\/arazpiercingjewellery.com\/de\/wp-json\/wp\/v2\/comments?post=107"}],"version-history":[{"count":2,"href":"https:\/\/arazpiercingjewellery.com\/de\/wp-json\/wp\/v2\/product\/107\/revisions"}],"predecessor-version":[{"id":5562,"href":"https:\/\/arazpiercingjewellery.com\/de\/wp-json\/wp\/v2\/product\/107\/revisions\/5562"}],"wp:featuredmedia":[{"embeddable":true,"href":"https:\/\/arazpiercingjewellery.com\/de\/wp-json\/wp\/v2\/media\/5560"}],"wp:attachment":[{"href":"https:\/\/arazpiercingjewellery.com\/de\/wp-json\/wp\/v2\/media?parent=107"}],"wp:term":[{"taxonomy":"product_cat","embeddable":true,"href":"https:\/\/arazpiercingjewellery.com\/de\/wp-json\/wp\/v2\/product_cat?post=107"},{"taxonomy":"product_tag","embeddable":true,"href":"https:\/\/arazpiercingjewellery.com\/de\/wp-json\/wp\/v2\/product_tag?post=107"}],"curies":[{"name":"wp","href":"https:\/\/api.w.org\/{rel}","templated":true}]}}