{"id":6455,"date":"2026-02-27T11:22:10","date_gmt":"2026-02-27T11:22:10","guid":{"rendered":"https:\/\/arazpiercingjewellery.com\/?page_id=6455"},"modified":"2026-02-27T12:30:00","modified_gmt":"2026-02-27T12:30:00","slug":"mesafeli-satis-sozlesmesi","status":"publish","type":"page","link":"https:\/\/arazpiercingjewellery.com\/de\/mesafeli-satis-sozlesmesi\/","title":{"rendered":"Mesafeli Sat\u0131\u015f S\u00f6zle\u015fmesi"},"content":{"rendered":"\n<h3 class=\"wp-block-heading\">1. TARAFLAR<\/h3>\n\n\n\n<p>\u0130\u015fbu Mesafeli Sat\u0131\u015f S\u00f6zle\u015fmesi;<\/p>\n\n\n\n<p><strong>Sat\u0131c\u0131:<\/strong><br>Unvan: ARAZ P\u0130ERC\u0130NG KUYUMCULUK TUR\u0130ZM<br>EMLAK OTO K\u0130RALAMA \u0130N\u015eAAT L\u0130M\u0130TED<br>\u015e\u0130RKET\u0130<\/p>\n\n\n\n<p><strong>Adres:<\/strong> HA\u015e\u0130M\u0130\u015eCAN MAH. ATAT\u00dcRK CAD.<br>ALKI\u015e PASAJI S\u0130TES\u0130 NO: 61B<br>MURATPA\u015eA \/ ANTALYA<\/p>\n\n\n\n<p><br><strong>Vergi Dairesi:<\/strong> ANTALYA KURUMLAR VERG\u0130 DA\u0130RES\u0130<\/p>\n\n\n\n<p><br><strong>Vergi No:<\/strong> 0730933786<\/p>\n\n\n\n<p><br><strong>Telefon:<\/strong> 0537 731 90 05 <\/p>\n\n\n\n<p><br><strong>E-posta:<\/strong> arazpiercingjewellery@gmail.com<\/p>\n\n\n\n<p>ile<\/p>\n\n\n\n<p><strong>Al\u0131c\u0131:<\/strong><br><a>www.arazpiercingjewellery.com<\/a>&nbsp;internet sitesinden al\u0131\u015fveri\u015f yapan ki\u015fi.<\/p>\n\n\n\n<p>aras\u0131nda a\u015fa\u011f\u0131daki \u015fartlar \u00e7er\u00e7evesinde elektronik ortamda kurulmu\u015ftur.<\/p>\n\n\n\n<hr class=\"wp-block-separator has-alpha-channel-opacity\"\/>\n\n\n\n<h3 class=\"wp-block-heading\">2. S\u00d6ZLE\u015eMEN\u0130N KONUSU<\/h3>\n\n\n\n<p>\u0130\u015fbu s\u00f6zle\u015fme, Al\u0131c\u0131\u2019n\u0131n Sat\u0131c\u0131\u2019ya ait&nbsp;<a>www.arazpiercingjewellery.com<\/a>&nbsp;internet sitesi \u00fczerinden elektronik ortamda sipari\u015f verdi\u011fi \u00fcr\u00fcn\u00fcn sat\u0131\u015f\u0131 ve teslimine ili\u015fkin olarak 6502 say\u0131l\u0131 T\u00fcketicinin Korunmas\u0131 Hakk\u0131nda Kanun ve Mesafeli S\u00f6zle\u015fmeler Y\u00f6netmeli\u011fi h\u00fck\u00fcmleri gere\u011fince taraflar\u0131n hak ve y\u00fck\u00fcml\u00fcl\u00fcklerini d\u00fczenler.<\/p>\n\n\n\n<hr class=\"wp-block-separator has-alpha-channel-opacity\"\/>\n\n\n\n<h3 class=\"wp-block-heading\">3. \u00dcR\u00dcN B\u0130LG\u0130LER\u0130<\/h3>\n\n\n\n<p>\u00dcr\u00fcn t\u00fcr\u00fc, modeli, rengi, adedi ve sat\u0131\u015f bedeli sipari\u015f esnas\u0131nda belirtilen bilgiler do\u011frultusundad\u0131r ve sipari\u015f onay\u0131 ile kesinle\u015fir.<\/p>\n\n\n\n<hr class=\"wp-block-separator has-alpha-channel-opacity\"\/>\n\n\n\n<h3 class=\"wp-block-heading\">4. \u00d6DEME VE TESL\u0130MAT<\/h3>\n\n\n\n<p>4.1. \u00dcr\u00fcn bedeli, Al\u0131c\u0131 taraf\u0131ndan se\u00e7ilen \u00f6deme y\u00f6ntemi ile tahsil edilir.<\/p>\n\n\n\n<p>4.2. \u00dcr\u00fcnler, \u00f6deme onay\u0131ndan sonra en ge\u00e7 [1-3 i\u015f g\u00fcn\u00fc] i\u00e7erisinde kargoya verilir.<\/p>\n\n\n\n<p>4.3. Teslimat, Al\u0131c\u0131\u2019n\u0131n sipari\u015f s\u0131ras\u0131nda bildirdi\u011fi adrese yap\u0131l\u0131r.<\/p>\n\n\n\n<p>4.4. Kargo \u00fccreti sipari\u015f s\u0131ras\u0131nda belirtilir.<\/p>\n\n\n\n<hr class=\"wp-block-separator has-alpha-channel-opacity\"\/>\n\n\n\n<h3 class=\"wp-block-heading\">5. CAYMA HAKKI<\/h3>\n\n\n\n<p>Al\u0131c\u0131, \u00fcr\u00fcn\u00fc teslim ald\u0131\u011f\u0131 tarihten itibaren 14 (on d\u00f6rt) g\u00fcn i\u00e7erisinde cayma hakk\u0131na sahiptir.<\/p>\n\n\n\n<p>Cayma hakk\u0131n\u0131n kullan\u0131labilmesi i\u00e7in \u00fcr\u00fcn\u00fcn:<\/p>\n\n\n\n<ul class=\"wp-block-list\">\n<li>Kullan\u0131lmam\u0131\u015f olmas\u0131,<\/li>\n\n\n\n<li>Orijinal ambalaj\u0131n\u0131n zarar g\u00f6rmemi\u015f olmas\u0131,<\/li>\n\n\n\n<li>Hijyen band\u0131n\u0131n a\u00e7\u0131lmam\u0131\u015f olmas\u0131<\/li>\n<\/ul>\n\n\n\n<p>gerekmektedir.<\/p>\n\n\n\n<hr class=\"wp-block-separator has-alpha-channel-opacity\"\/>\n\n\n\n<h3 class=\"wp-block-heading\">6. H\u0130JYEN \u00dcR\u00dcNLER\u0130NE \u0130L\u0130\u015eK\u0130N \u00d6ZEL H\u00dcK\u00dcM<\/h3>\n\n\n\n<p>Piercing ve v\u00fccut tak\u0131lar\u0131, ki\u015fisel kullan\u0131m ve hijyen \u00fcr\u00fcn\u00fc niteli\u011findedir.<\/p>\n\n\n\n<p>Ambalaj\u0131 a\u00e7\u0131lm\u0131\u015f, hijyen band\u0131 s\u00f6k\u00fclm\u00fc\u015f veya kullan\u0131lm\u0131\u015f \u00fcr\u00fcnlerde sa\u011fl\u0131k ve hijyen gerek\u00e7esiyle cayma hakk\u0131 kullan\u0131lamaz.<\/p>\n\n\n\n<p>Bu madde, Mesafeli S\u00f6zle\u015fmeler Y\u00f6netmeli\u011fi\u2019nin 15. maddesi kapsam\u0131nda d\u00fczenlenmi\u015ftir.<\/p>\n\n\n\n<hr class=\"wp-block-separator has-alpha-channel-opacity\"\/>\n\n\n\n<h3 class=\"wp-block-heading\">7. AYIPLI \u00dcR\u00dcN<\/h3>\n\n\n\n<p>Teslim edilen \u00fcr\u00fcn\u00fcn kusurlu olmas\u0131 halinde Al\u0131c\u0131, 6502 say\u0131l\u0131 Kanun kapsam\u0131nda se\u00e7imlik haklar\u0131n\u0131 kullanabilir.<\/p>\n\n\n\n<p>Hatal\u0131 veya yanl\u0131\u015f g\u00f6nderilen \u00fcr\u00fcnlerde kargo \u00fccreti Sat\u0131c\u0131 taraf\u0131ndan kar\u015f\u0131lan\u0131r.<\/p>\n\n\n\n<hr class=\"wp-block-separator has-alpha-channel-opacity\"\/>\n\n\n\n<h3 class=\"wp-block-heading\">8. M\u00dcCB\u0130R SEBEPLER<\/h3>\n\n\n\n<p>Do\u011fal afet, sava\u015f, grev, pandemi, kargo gecikmesi gibi taraflar\u0131n kontrol\u00fc d\u0131\u015f\u0131nda geli\u015fen durumlarda Sat\u0131c\u0131 sorumlu tutulamaz.<\/p>\n\n\n\n<hr class=\"wp-block-separator has-alpha-channel-opacity\"\/>\n\n\n\n<h3 class=\"wp-block-heading\">9. UYU\u015eMAZLIKLARIN \u00c7\u00d6Z\u00dcM\u00dc<\/h3>\n\n\n\n<p>Uyu\u015fmazl\u0131klarda Ticaret Bakanl\u0131\u011f\u0131 taraf\u0131ndan her y\u0131l belirlenen parasal s\u0131n\u0131rlar dahilinde Al\u0131c\u0131\u2019n\u0131n yerle\u015fim yerindeki T\u00fcketici Hakem Heyetleri ve T\u00fcketici Mahkemeleri yetkilidir.<\/p>\n\n\n\n<hr class=\"wp-block-separator has-alpha-channel-opacity\"\/>\n\n\n\n<h3 class=\"wp-block-heading\">10. Y\u00dcR\u00dcRL\u00dcK<\/h3>\n\n\n\n<p>Al\u0131c\u0131, site \u00fczerinden sipari\u015f verdi\u011finde i\u015fbu s\u00f6zle\u015fmenin t\u00fcm ko\u015fullar\u0131n\u0131 kabul etmi\u015f say\u0131l\u0131r.<\/p>\n","protected":false},"excerpt":{"rendered":"<p>1. TARAFLAR \u0130\u015fbu Mesafeli Sat\u0131\u015f S\u00f6zle\u015fmesi; Sat\u0131c\u0131:Unvan: ARAZ P\u0130ERC\u0130NG KUYUMCULUK TUR\u0130ZMEMLAK OTO K\u0130RALAMA \u0130N\u015eAAT L\u0130M\u0130TED\u015e\u0130RKET\u0130 Adres: HA\u015e\u0130M\u0130\u015eCAN MAH.&hellip;<\/p>","protected":false},"author":1,"featured_media":0,"parent":0,"menu_order":0,"comment_status":"closed","ping_status":"closed","template":"","meta":{"footnotes":""},"class_list":["post-6455","page","type-page","status-publish","hentry"],"aioseo_notices":[],"_hostinger_reach_plugin_has_subscription_block":false,"_hostinger_reach_plugin_is_elementor":false,"_links":{"self":[{"href":"https:\/\/arazpiercingjewellery.com\/de\/wp-json\/wp\/v2\/pages\/6455","targetHints":{"allow":["GET"]}}],"collection":[{"href":"https:\/\/arazpiercingjewellery.com\/de\/wp-json\/wp\/v2\/pages"}],"about":[{"href":"https:\/\/arazpiercingjewellery.com\/de\/wp-json\/wp\/v2\/types\/page"}],"author":[{"embeddable":true,"href":"https:\/\/arazpiercingjewellery.com\/de\/wp-json\/wp\/v2\/users\/1"}],"replies":[{"embeddable":true,"href":"https:\/\/arazpiercingjewellery.com\/de\/wp-json\/wp\/v2\/comments?post=6455"}],"version-history":[{"count":2,"href":"https:\/\/arazpiercingjewellery.com\/de\/wp-json\/wp\/v2\/pages\/6455\/revisions"}],"predecessor-version":[{"id":6483,"href":"https:\/\/arazpiercingjewellery.com\/de\/wp-json\/wp\/v2\/pages\/6455\/revisions\/6483"}],"wp:attachment":[{"href":"https:\/\/arazpiercingjewellery.com\/de\/wp-json\/wp\/v2\/media?parent=6455"}],"curies":[{"name":"wp","href":"https:\/\/api.w.org\/{rel}","templated":true}]}}