{"id":1835,"date":"2021-09-21T18:04:59","date_gmt":"2021-09-21T15:04:59","guid":{"rendered":"https:\/\/arazpiercingjewellery.com\/contacts-copy\/"},"modified":"2026-02-17T21:00:23","modified_gmt":"2026-02-17T21:00:23","slug":"about","status":"publish","type":"page","link":"https:\/\/arazpiercingjewellery.com\/de\/about\/","title":{"rendered":"Hakk\u0131m\u0131zda"},"content":{"rendered":"<div data-elementor-type=\"wp-page\" data-elementor-id=\"1835\" class=\"elementor elementor-1835\">\n\t\t\t\t\t\t<section class=\"elementor-section elementor-top-section elementor-element elementor-element-58f78f2 elementor-section-full_width elementor-section-height-default elementor-section-height-default\" data-id=\"58f78f2\" data-element_type=\"section\" data-e-type=\"section\">\n\t\t\t\t\t\t<div class=\"elementor-container elementor-column-gap-default\">\n\t\t\t\t\t<div class=\"elementor-column elementor-col-100 elementor-top-column elementor-element elementor-element-2cd606f\" data-id=\"2cd606f\" data-element_type=\"column\" data-e-type=\"column\">\n\t\t\t<div class=\"elementor-widget-wrap elementor-element-populated\">\n\t\t\t\t\t\t<div class=\"elementor-element elementor-element-18ef02d elementor-widget elementor-widget-ideapark-page-header\" data-id=\"18ef02d\" data-element_type=\"widget\" data-e-type=\"widget\" data-widget_type=\"ideapark-page-header.default\">\n\t\t\t\t<div class=\"elementor-widget-container\">\n\t\t\t\t\t<header class=\"l-section c-page-header\"><h1 class=\"c-page-header__title\">Hakk\u0131m\u0131zda<\/h1><\/header>\t\t\t\t<\/div>\n\t\t\t\t<\/div>\n\t\t\t\t\t<\/div>\n\t\t<\/div>\n\t\t\t\t\t<\/div>\n\t\t<\/section>\n\t\t\t\t<section class=\"elementor-section elementor-top-section elementor-element elementor-element-d9eae05 elementor-section-full_width elementor-section-height-default elementor-section-height-default\" data-id=\"d9eae05\" data-element_type=\"section\" data-e-type=\"section\">\n\t\t\t\t\t\t<div class=\"elementor-container elementor-column-gap-default\">\n\t\t\t\t\t<div class=\"elementor-column elementor-col-100 elementor-top-column elementor-element elementor-element-f8a03f9\" data-id=\"f8a03f9\" data-element_type=\"column\" data-e-type=\"column\">\n\t\t\t<div class=\"elementor-widget-wrap elementor-element-populated\">\n\t\t\t\t\t\t<section class=\"elementor-section elementor-inner-section elementor-element elementor-element-6ba8ac9 elementor-section-boxed elementor-section-height-default elementor-section-height-default\" data-id=\"6ba8ac9\" data-element_type=\"section\" data-e-type=\"section\" data-settings=\"{&quot;background_background&quot;:&quot;classic&quot;}\">\n\t\t\t\t\t\t<div class=\"elementor-container elementor-column-gap-default\">\n\t\t\t\t\t<div class=\"elementor-column elementor-col-100 elementor-inner-column elementor-element elementor-element-e3075aa\" data-id=\"e3075aa\" data-element_type=\"column\" data-e-type=\"column\" data-settings=\"{&quot;background_background&quot;:&quot;classic&quot;}\">\n\t\t\t<div class=\"elementor-widget-wrap elementor-element-populated\">\n\t\t\t\t\t\t<div class=\"elementor-element elementor-element-f7d1aaf elementor-widget elementor-widget-ideapark-heading\" data-id=\"f7d1aaf\" data-element_type=\"widget\" data-e-type=\"widget\" data-widget_type=\"ideapark-heading.default\">\n\t\t\t\t<div class=\"elementor-widget-container\">\n\t\t\t\t\t<div class=\"c-ip-heading c-ip-heading--large c-ip-heading--center c-ip-heading--bullet-after\"><div class=\"c-ip-heading__inner\">Misyonumuz<\/div><\/div>\t\t\t\t<\/div>\n\t\t\t\t<\/div>\n\t\t\t\t<div class=\"elementor-element elementor-element-a3311ab elementor-widget elementor-widget-text-editor\" data-id=\"a3311ab\" data-element_type=\"widget\" data-e-type=\"widget\" data-widget_type=\"text-editor.default\">\n\t\t\t\t\t\t\t\t\t<center><p data-start=\"154\" data-end=\"533\">Araz Piercing Jewellery olarak amac\u0131m\u0131z; her m\u00fc\u015fterimizin kendini \u00f6zg\u00fcn, g\u00fc\u00e7l\u00fc ve \u00f6zel hissetmesini sa\u011flayan <strong data-start=\"253\" data-end=\"318\">y\u00fcksek kalite piercingler ve \u00f6zel \u00fcretim m\u00fccevher tasar\u0131mlar\u0131<\/strong> sunmakt\u0131r.<br data-start=\"329\" data-end=\"332\" \/>El i\u015f\u00e7ili\u011fiyle haz\u0131rlanan alt\u0131n, de\u011ferli ta\u015f ve modern piercing modellerimizi; <strong data-start=\"411\" data-end=\"444\">g\u00fcvenli uygulama standartlar\u0131<\/strong>, <strong data-start=\"446\" data-end=\"479\">ki\u015fiye \u00f6zel tasar\u0131m s\u00fcre\u00e7leri<\/strong> ve <strong data-start=\"483\" data-end=\"512\">zamans\u0131z estetik anlay\u0131\u015f\u0131<\/strong> ile birle\u015ftiriyoruz.<\/p><p data-start=\"535\" data-end=\"753\">Misyonumuz; her bireyin stilini \u00f6zg\u00fcrce ifade edece\u011fi, uzun \u00f6m\u00fcrl\u00fc, hijyenik ve l\u00fcks tasar\u0131mlar\u0131 en y\u00fcksek kaliteyle \u00fcretmek ve Araz Piercing\u2019i g\u00fcvenin, \u015f\u0131kl\u0131\u011f\u0131n ve \u00f6zel tasar\u0131m\u0131n vazge\u00e7ilmez adresi haline getirmektir.<\/p><\/center>\t\t\t\t\t\t\t\t<\/div>\n\t\t\t\t\t<\/div>\n\t\t<\/div>\n\t\t\t\t\t<\/div>\n\t\t<\/section>\n\t\t\t\t<section class=\"elementor-section elementor-inner-section elementor-element elementor-element-91d7521 elementor-section-full_width elementor-section-height-default elementor-section-height-default\" data-id=\"91d7521\" data-element_type=\"section\" data-e-type=\"section\">\n\t\t\t\t\t\t<div class=\"elementor-container elementor-column-gap-no\">\n\t\t\t\t\t<div class=\"elementor-column elementor-col-50 elementor-inner-column elementor-element elementor-element-5793eca\" data-id=\"5793eca\" data-element_type=\"column\" data-e-type=\"column\">\n\t\t\t<div class=\"elementor-widget-wrap elementor-element-populated\">\n\t\t\t\t\t\t<div class=\"elementor-element elementor-element-dbc576e elementor-widget elementor-widget-text-editor\" data-id=\"dbc576e\" data-element_type=\"widget\" data-e-type=\"widget\" data-widget_type=\"text-editor.default\">\n\t\t\t\t\t\t\t\t\t<center><p data-start=\"370\" data-end=\"775\">Araz Piercing\u2019i kurarken hedefim; insanlar\u0131n kendini \u00f6zg\u00fcrce ifade edebilece\u011fi, g\u00fcvenli ve estetik bir deneyim sunan bir marka yaratmakt\u0131.<br data-start=\"508\" data-end=\"511\" \/>Bug\u00fcn yaln\u0131zca piercing hizmeti veren bir yer de\u011fil; <strong data-start=\"564\" data-end=\"597\">\u00f6zel \u00fcretim alt\u0131n m\u00fccevherler<\/strong>, de\u011ferli ta\u015flarla tasarlanan <strong data-start=\"627\" data-end=\"653\">ki\u015fiye \u00f6zel \u00e7al\u0131\u015fmalar<\/strong> ve profesyonel piercing uygulamalar\u0131yla uluslararas\u0131 standartlarda hizmet sunan bir marka olarak yolumuza devam ediyoruz.<\/p><p data-start=\"777\" data-end=\"1001\">Her bir \u00fcr\u00fcn\u00fcm\u00fcz, titiz i\u015f\u00e7ilik, hijyen hassasiyeti ve modern tasar\u0131m anlay\u0131\u015f\u0131 ile haz\u0131rlan\u0131r.<br data-start=\"871\" data-end=\"874\" \/>M\u00fc\u015fterilerimizin kendini \u00f6zel hissetmesi, do\u011fru y\u00f6nlendirilmesi ve g\u00fcven i\u00e7inde hizmet almas\u0131 bizim i\u00e7in her \u015feyden de\u011ferlidir.<\/p><p data-start=\"1003\" data-end=\"1096\">Araz Piercing olarak, hem tasar\u0131mda hem uygulamada en y\u00fcksek kaliteyi sunmaya devam edece\u011fiz.<\/p><\/center>\t\t\t\t\t\t\t\t<\/div>\n\t\t\t\t<div class=\"elementor-element elementor-element-6d11adc elementor-widget elementor-widget-text-editor\" data-id=\"6d11adc\" data-element_type=\"widget\" data-e-type=\"widget\" data-widget_type=\"text-editor.default\">\n\t\t\t\t\t\t\t\t\t<center>Arash Omran\u0131 Ghoushch\u0131<\/center>\t\t\t\t\t\t\t\t<\/div>\n\t\t\t\t\t<\/div>\n\t\t<\/div>\n\t\t\t\t<div class=\"elementor-column elementor-col-50 elementor-inner-column elementor-element elementor-element-dc41b63\" data-id=\"dc41b63\" data-element_type=\"column\" data-e-type=\"column\">\n\t\t\t<div class=\"elementor-widget-wrap elementor-element-populated\">\n\t\t\t\t\t\t<div class=\"elementor-element elementor-element-a715138 elementor-widget elementor-widget-image\" data-id=\"a715138\" data-element_type=\"widget\" data-e-type=\"widget\" data-widget_type=\"image.default\">\n\t\t\t\t\t\t\t\t\t\t\t\t\t\t\t<img fetchpriority=\"high\" decoding=\"async\" width=\"947\" height=\"966\" src=\"https:\/\/arazpiercingjewellery.com\/wp-content\/uploads\/2025\/12\/Gemini_Generated_Image_88pevw88pevw88pe-e1764915693279.png\" class=\"attachment-full size-full wp-image-5613\" alt=\"\" srcset=\"https:\/\/arazpiercingjewellery.com\/wp-content\/uploads\/2025\/12\/Gemini_Generated_Image_88pevw88pevw88pe-e1764915693279.png 947w, https:\/\/arazpiercingjewellery.com\/wp-content\/uploads\/2025\/12\/Gemini_Generated_Image_88pevw88pevw88pe-e1764915693279-300x306.png 300w, https:\/\/arazpiercingjewellery.com\/wp-content\/uploads\/2025\/12\/Gemini_Generated_Image_88pevw88pevw88pe-e1764915693279-600x612.png 600w, https:\/\/arazpiercingjewellery.com\/wp-content\/uploads\/2025\/12\/Gemini_Generated_Image_88pevw88pevw88pe-e1764915693279-145x148.png 145w, https:\/\/arazpiercingjewellery.com\/wp-content\/uploads\/2025\/12\/Gemini_Generated_Image_88pevw88pevw88pe-e1764915693279-50x50.png 50w\" sizes=\"(max-width: 947px) 100vw, 947px\" \/>\t\t\t\t\t\t\t\t\t\t\t\t\t\t\t<\/div>\n\t\t\t\t\t<\/div>\n\t\t<\/div>\n\t\t\t\t\t<\/div>\n\t\t<\/section>\n\t\t\t\t\t<\/div>\n\t\t<\/div>\n\t\t\t\t\t<\/div>\n\t\t<\/section>\n\t\t\t\t<\/div>","protected":false},"excerpt":{"rendered":"<p>Hakk\u0131m\u0131zda Misyonumuz Araz Piercing Jewellery olarak amac\u0131m\u0131z; her m\u00fc\u015fterimizin kendini \u00f6zg\u00fcn, g\u00fc\u00e7l\u00fc ve \u00f6zel hissetmesini sa\u011flayan y\u00fcksek kalite&hellip;<\/p>","protected":false},"author":1,"featured_media":0,"parent":0,"menu_order":0,"comment_status":"closed","ping_status":"closed","template":"elementor_header_footer","meta":{"footnotes":""},"class_list":["post-1835","page","type-page","status-publish","hentry"],"aioseo_notices":[],"_hostinger_reach_plugin_has_subscription_block":false,"_hostinger_reach_plugin_is_elementor":false,"_links":{"self":[{"href":"https:\/\/arazpiercingjewellery.com\/de\/wp-json\/wp\/v2\/pages\/1835","targetHints":{"allow":["GET"]}}],"collection":[{"href":"https:\/\/arazpiercingjewellery.com\/de\/wp-json\/wp\/v2\/pages"}],"about":[{"href":"https:\/\/arazpiercingjewellery.com\/de\/wp-json\/wp\/v2\/types\/page"}],"author":[{"embeddable":true,"href":"https:\/\/arazpiercingjewellery.com\/de\/wp-json\/wp\/v2\/users\/1"}],"replies":[{"embeddable":true,"href":"https:\/\/arazpiercingjewellery.com\/de\/wp-json\/wp\/v2\/comments?post=1835"}],"version-history":[{"count":16,"href":"https:\/\/arazpiercingjewellery.com\/de\/wp-json\/wp\/v2\/pages\/1835\/revisions"}],"predecessor-version":[{"id":6311,"href":"https:\/\/arazpiercingjewellery.com\/de\/wp-json\/wp\/v2\/pages\/1835\/revisions\/6311"}],"wp:attachment":[{"href":"https:\/\/arazpiercingjewellery.com\/de\/wp-json\/wp\/v2\/media?parent=1835"}],"curies":[{"name":"wp","href":"https:\/\/api.w.org\/{rel}","templated":true}]}}